{"id":1012,"date":"2021-02-25T14:44:09","date_gmt":"2021-02-25T14:44:09","guid":{"rendered":"http:\/\/www.punca.si\/?page_id=1012"},"modified":"2021-04-21T12:08:49","modified_gmt":"2021-04-21T12:08:49","slug":"temp-marjetka-kovac","status":"publish","type":"page","link":"http:\/\/www.punca.si\/?page_id=1012","title":{"rendered":"Marjetka Kova\u010d"},"content":{"rendered":"<p>[vc_row row_height_percent=&#8221;0&#8243; override_padding=&#8221;yes&#8221; h_padding=&#8221;5&#8243; top_padding=&#8221;3&#8243; bottom_padding=&#8221;2&#8243; overlay_alpha=&#8221;50&#8243; gutter_size=&#8221;3&#8243; column_width_percent=&#8221;100&#8243; shift_y=&#8221;0&#8243; z_index=&#8221;0&#8243;][vc_column width=&#8221;1\/4&#8243;][vc_single_image media=&#8221;835&#8243; media_width_percent=&#8221;80&#8243; shape=&#8221;img-circle&#8221; el_id=&#8221;avtorica_head&#8221;][\/vc_column][vc_column column_width_percent=&#8221;100&#8243; gutter_size=&#8221;2&#8243; override_padding=&#8221;yes&#8221; column_padding=&#8221;0&#8243; overlay_alpha=&#8221;50&#8243; shift_x=&#8221;0&#8243; shift_y=&#8221;0&#8243; shift_y_down=&#8221;0&#8243; z_index=&#8221;0&#8243; medium_width=&#8221;0&#8243; mobile_width=&#8221;0&#8243; width=&#8221;3\/4&#8243;][vc_column_text]<span style=\"color: #f49329; font-size: 32px; font-family: AlbraText-Bold;\">Marjetka Kova\u010d<\/span><br \/>\nSTROKOVNJAKINJA<\/p>\n<p><span style=\"font-weight: 400;\">Marjetka Kova\u010d je po poklicu in\u017eenirka \u017eivilstva in prehrane ter diplomirana organizatorka v turizmu. Ker jo je svet kulinarike in zdrave prehrane od nekdaj neizmerno privla\u010dil, je delala tako v velikih hotelskih kuhinjah na slovenski obali (in mimogrede dokon\u010dala \u0161e \u0161tudij turizma) kot v vrtcih. Ves \u010das pa svetuje o zdravi prehrani prek \u010dlankov in spletne strani, televizijskih nastopov, predavanj, delavnic, kot svetovalka v eko trgovinah in tudi pri Punci. \u010ce ima\u0161 vpra\u0161anje zanjo, ji pi\u0161i na <a href=\"mailto:info@punca.si\">info@punca.si<\/a>, za Marjetko.<\/span><\/p>\n<p>Sledi ji na:[\/vc_column_text][vc_row_inner row_inner_height_percent=&#8221;0&#8243; overlay_alpha=&#8221;50&#8243; gutter_size=&#8221;0&#8243; shift_y=&#8221;0&#8243; z_index=&#8221;0&#8243; limit_content=&#8221;&#8221; css=&#8221;.vc_custom_1614158586645{padding-top: 0px !important;}&#8221;][vc_column_inner column_width_percent=&#8221;100&#8243; gutter_size=&#8221;0&#8243; override_padding=&#8221;yes&#8221; column_padding=&#8221;0&#8243; overlay_alpha=&#8221;50&#8243; shift_x=&#8221;0&#8243; shift_y=&#8221;0&#8243; shift_y_down=&#8221;0&#8243; z_index=&#8221;0&#8243; medium_width=&#8221;0&#8243; mobile_width=&#8221;0&#8243; width=&#8221;1\/1&#8243;][vc_icon display=&#8221;inline&#8221; icon=&#8221;fa fa-social-facebook&#8221; link=&#8221;url:https%3A%2F%2Fwww.facebook.com%2Fmarjetka.zaloznik|target:_blank&#8221;][\/vc_icon][vc_icon display=&#8221;inline&#8221; icon=&#8221;fa fa-instagram&#8221; link=&#8221;url:https%3A%2F%2Fwww.instagram.com%2Fmery_kovac%2F|target:_blank&#8221;][\/vc_icon][vc_empty_space empty_h=&#8221;1&#8243;][vc_button button_color=&#8221;color-150568&#8243; size=&#8221;btn-link&#8221; border_width=&#8221;0&#8243; link=&#8221;url:%23%2F|||&#8221; onclick=&#8221;var y = document.getElementById(&#8220;preberi_vec&#8220;); y.style.display = &#8220;none&#8220;; var x = document.getElementById(&#8220;preberi_vec&#8220;); if (x.style.display === &#8220;none&#8220;) { x.style.display = &#8220;block&#8220;; } else { x.style.display = &#8220;none&#8220;; }; document.activeElement.blur()&#8221;]PREBERI VE\u010c[\/vc_button][\/vc_column_inner][\/vc_row_inner][\/vc_column][\/vc_row][vc_row row_height_percent=&#8221;0&#8243; override_padding=&#8221;yes&#8221; h_padding=&#8221;5&#8243; top_padding=&#8221;0&#8243; bottom_padding=&#8221;2&#8243; overlay_alpha=&#8221;50&#8243; gutter_size=&#8221;3&#8243; column_width_percent=&#8221;100&#8243; shift_y=&#8221;0&#8243; z_index=&#8221;0&#8243; el_id=&#8221;preberi_vec&#8221;][vc_column width=&#8221;1\/1&#8243;][vc_column_text]<span style=\"color: #81b38a;\">\u017de kot punca sem zelo rada raziskovala svet kulinarike in vsega, kar nam daje narava \u2013 obo\u017eevala sem nabiranje gob, raziskovanje razli\u010dnih zeli\u0161\u010d in odkrivanje tega, kako lahko vsak dan iz stvari, ki jih ponujata vrt in gozd, skuham kaj novega \u2026 Mami nad mojim zanimanjem za kuharske podvige ni bila najbolj navdu\u0161ena, a imela sem sre\u010do, da imam tudi babi &#x1f60a;. Takoj ko so se za\u010dele po\u010ditnice, sem hitro sko\u010dila k njej na Pa\u0161ki Kozjak. Babi mi je dovolila kuhati, ustvarjati, pospravljati, pacati, pri njej sem lahko raziskovala kuharski svet, kolikor sem si \u017eelela. Nau\u010dila me je veliko. Moja mami \u0161e danes ne ve, da je bila moja zaveznica babi. Pssst &#x1f60a; Babi mi je izdala tudi skrivne recepte, ki sem jih pisala v svoj najljub\u0161i zvezek, ki ga \u0161e danes hranim in me spominja na to, kako lu\u0161tno je bilo kuhati doma\u010de pristne jedi iz tega, kar smo na\u0161li v naravni. Zdrava doma\u010da hrana, narava in \u017eivljenjski slog so me vseskozi peljali naprej, zato ni \u010dudno, da sem postala in\u017eenirka \u017eivilstva in prehrane Ne morem pozabiti, kako sem se z najve\u010djim veseljem u\u010dila, kako me vse zanimalo! Tako sem spoznala, da je moje poslanstvo povezano z hrano. Kot \u0161tudentka sem se kalila tudi v velikih kuhinjah Bernardina, Kempinskega. \u0160tudentsko delo mi je dalo veliko kulinari\u010dnih izku\u0161enj. Na na\u0161i prelepi slovenski obali sem poleg dela v hotelskih kuhinjah naredila \u0161e \u0161tudij turizma, a zaprise\u017eena sem ostala prehrani in zdravemu \u017eivljenjskemu slogu. Ker sem v svoji prvi pravi slu\u017ebi skrbela za otro\u0161ko prehrano in zdravje otrok ter zaposlenih, sem za\u010dela pisati prispevke za svojo FB-stran Zdrava kuhinja za mal\u010dke ter spletno stran www.zdravaprehranaotrocka.si. S tem sem si odprla nove prilo\u017enosti: nastope na televiziji, razli\u010dne delavnice po Sloveniji, pisanje jedilnikov za razli\u010dne ciljne skupine. Ves \u010das pa so me najve\u010d cukale za rokav in me za pomo\u010d prosile mlade punce, ki so si \u017eelele shuj\u0161ati, nekajkrat pa so me manekenske \u0161ole povabile predavati bodo\u010dim manekenkam. Zato \u0161e vedno rada pomagam puncam z nasveti za prehrano, za huj\u0161anje, zdrav \u017eivljenjski slog, saj si tudi jaz za vas \u017eelim, da ostanete vitalne in polne energije ter se nau\u010dite, kako lahko z malo pozitivne energije in dobre volje naredite na sebi lepo spremembo. Ponosne boste, da ste vztrajale, jaz pa bom ponosna, da sem bila lahko del va\u0161e \u010dudovite spremembe. \u010ce imate vpra\u0161anje zame, mi pi\u0161ite na <a style=\"color: #81b38a;\" href=\"mailto:info@punca.si\">info@punca.si<\/a>, za Marjetko.<\/span>[\/vc_column_text][\/vc_column][\/vc_row][vc_row unlock_row=&#8221;&#8221; row_height_percent=&#8221;0&#8243; override_padding=&#8221;yes&#8221; h_padding=&#8221;5&#8243; top_padding=&#8221;0&#8243; bottom_padding=&#8221;2&#8243; overlay_alpha=&#8221;50&#8243; gutter_size=&#8221;3&#8243; column_width_percent=&#8221;100&#8243; shift_y=&#8221;0&#8243; z_index=&#8221;0&#8243;][vc_column width=&#8221;1\/1&#8243;][vc_separator][\/vc_column][\/vc_row][vc_row row_height_percent=&#8221;0&#8243; override_padding=&#8221;yes&#8221; h_padding=&#8221;5&#8243; top_padding=&#8221;2&#8243; bottom_padding=&#8221;2&#8243; back_color=&#8221;color-xsdn&#8221; overlay_alpha=&#8221;100&#8243; gutter_size=&#8221;100&#8243; column_width_percent=&#8221;100&#8243; shift_y=&#8221;0&#8243; z_index=&#8221;0&#8243; style=&#8221;inherited&#8221;][vc_column column_width_percent=&#8221;100&#8243; position_horizontal=&#8221;left&#8221; gutter_size=&#8221;3&#8243; font_family=&#8221;PT Serif&#8221; overlay_alpha=&#8221;100&#8243; shift_x=&#8221;0&#8243; shift_y=&#8221;0&#8243; medium_width=&#8221;0&#8243; zoom_width=&#8221;0&#8243; zoom_height=&#8221;0&#8243; width=&#8221;1\/1&#8243;][uncode_index el_id=&#8221;index-17465098822&#8243; isotope_mode=&#8221;fitRows&#8221; loop=&#8221;size:12|order_by:date|post_type:post|authors:9|taxonomy_count:10&#8243; index_back_color=&#8221;color-xsdn&#8221; infinite=&#8221;yes&#8221; infinite_button=&#8221;yes&#8221; infinite_button_color=&#8221;color-150568&#8243; gutter_size=&#8221;2&#8243; post_items=&#8221;media|media|onpost|original,text|excerpt|70,icon|sm,title,sep-one|full,author|sm_size|hide_qualification&#8221; page_items=&#8221;title,media,text,category&#8221; product_items=&#8221;title,media,text,category,price&#8221; portfolio_items=&#8221;title,media,text,category&#8221; screen_lg=&#8221;800&#8243; screen_md=&#8221;600&#8243; screen_sm=&#8221;480&#8243; single_width=&#8221;3&#8243; images_size=&#8221;three-two&#8221; single_back_color=&#8221;color-xsdn&#8221; single_overlay_color=&#8221;color-374512&#8243; single_overlay_opacity=&#8221;50&#8243; single_padding=&#8221;1&#8243; single_title_dimension=&#8221;h5&#8243; single_border=&#8221;yes&#8221; single_css_animation=&#8221;bottom-t-top&#8221; single_animation_delay=&#8221;400&#8243; single_half_padding=&#8221;&#8221; single_title_uppercase=&#8221;&#8221; single_title_bold=&#8221;yes&#8221; single_title_serif=&#8221;&#8221; single_title_divider=&#8221;&#8221; single_no_background=&#8221;&#8221; footer_position=&#8221;left&#8221; carousel_rtl=&#8221;&#8221; single_icon=&#8221;fa fa-plus2&#8243; items=&#8221;eyIyNDg5X2kiOnsic2luZ2xlX3dpZHRoIjoiNiJ9fQ==&#8221; filtering_transform=&#8221;uppercase&#8221;][\/vc_column][\/vc_row][vc_row][vc_column width=&#8221;1\/1&#8243;][\/vc_column][\/vc_row]<\/p>\n","protected":false},"excerpt":{"rendered":"<p>[vc_row row_height_percent=&#8221;0&#8243; override_padding=&#8221;yes&#8221; h_padding=&#8221;5&#8243; top_padding=&#8221;3&#8243; bottom_padding=&#8221;2&#8243; overlay_alpha=&#8221;50&#8243; gutter_size=&#8221;3&#8243; column_width_percent=&#8221;100&#8243; shift_y=&#8221;0&#8243; z_index=&#8221;0&#8243;][vc_column width=&#8221;1\/4&#8243;][vc_single_image media=&#8221;835&#8243; media_width_percent=&#8221;80&#8243; shape=&#8221;img-circle&#8221; el_id=&#8221;avtorica_head&#8221;][\/vc_column][vc_column column_width_percent=&#8221;100&#8243; gutter_size=&#8221;2&#8243; override_padding=&#8221;yes&#8221; column_padding=&#8221;0&#8243; [&hellip;]<\/p>\n","protected":false},"author":1,"featured_media":0,"parent":0,"menu_order":0,"comment_status":"closed","ping_status":"closed","template":"","meta":{"_monsterinsights_skip_tracking":false,"_monsterinsights_sitenote_active":false,"_monsterinsights_sitenote_note":"","_monsterinsights_sitenote_category":0},"yoast_head":"<!-- This site is optimized with the Yoast SEO plugin v17.2.1 - https:\/\/yoast.com\/wordpress\/plugins\/seo\/ -->\n<title>Marjetka Kova\u010d - Punca.si<\/title>\n<meta name=\"robots\" content=\"index, follow, max-snippet:-1, max-image-preview:large, max-video-preview:-1\" \/>\n<link rel=\"canonical\" href=\"http:\/\/www.punca.si\/?page_id=1012\" \/>\n<meta property=\"og:locale\" content=\"sl_SI\" \/>\n<meta property=\"og:type\" content=\"article\" \/>\n<meta property=\"og:title\" content=\"Marjetka Kova\u010d - Punca.si\" \/>\n<meta property=\"og:description\" content=\"[vc_row row_height_percent=&#8221;0&#8243; override_padding=&#8221;yes&#8221; h_padding=&#8221;5&#8243; top_padding=&#8221;3&#8243; bottom_padding=&#8221;2&#8243; overlay_alpha=&#8221;50&#8243; gutter_size=&#8221;3&#8243; column_width_percent=&#8221;100&#8243; shift_y=&#8221;0&#8243; z_index=&#8221;0&#8243;][vc_column width=&#8221;1\/4&#8243;][vc_single_image media=&#8221;835&#8243; media_width_percent=&#8221;80&#8243; shape=&#8221;img-circle&#8221; el_id=&#8221;avtorica_head&#8221;][\/vc_column][vc_column column_width_percent=&#8221;100&#8243; gutter_size=&#8221;2&#8243; override_padding=&#8221;yes&#8221; column_padding=&#8221;0&#8243; [&hellip;]\" \/>\n<meta property=\"og:url\" content=\"http:\/\/www.punca.si\/?page_id=1012\" \/>\n<meta property=\"og:site_name\" content=\"Punca.si\" \/>\n<meta property=\"article:modified_time\" content=\"2021-04-21T12:08:49+00:00\" \/>\n<meta name=\"twitter:card\" content=\"summary_large_image\" \/>\n<meta name=\"twitter:label1\" content=\"Est. reading time\" \/>\n\t<meta name=\"twitter:data1\" content=\"5 minut\" \/>\n<script type=\"application\/ld+json\" class=\"yoast-schema-graph\">{\"@context\":\"https:\/\/schema.org\",\"@graph\":[{\"@type\":\"WebSite\",\"@id\":\"http:\/\/www.punca.si\/#website\",\"url\":\"http:\/\/www.punca.si\/\",\"name\":\"Punca.si\",\"description\":\"Samo zate!\",\"potentialAction\":[{\"@type\":\"SearchAction\",\"target\":{\"@type\":\"EntryPoint\",\"urlTemplate\":\"http:\/\/www.punca.si\/?s={search_term_string}\"},\"query-input\":\"required name=search_term_string\"}],\"inLanguage\":\"sl-SI\"},{\"@type\":\"WebPage\",\"@id\":\"http:\/\/www.punca.si\/?page_id=1012#webpage\",\"url\":\"http:\/\/www.punca.si\/?page_id=1012\",\"name\":\"Marjetka Kova\\u010d - Punca.si\",\"isPartOf\":{\"@id\":\"http:\/\/www.punca.si\/#website\"},\"datePublished\":\"2021-02-25T14:44:09+00:00\",\"dateModified\":\"2021-04-21T12:08:49+00:00\",\"breadcrumb\":{\"@id\":\"http:\/\/www.punca.si\/?page_id=1012#breadcrumb\"},\"inLanguage\":\"sl-SI\",\"potentialAction\":[{\"@type\":\"ReadAction\",\"target\":[\"http:\/\/www.punca.si\/?page_id=1012\"]}]},{\"@type\":\"BreadcrumbList\",\"@id\":\"http:\/\/www.punca.si\/?page_id=1012#breadcrumb\",\"itemListElement\":[{\"@type\":\"ListItem\",\"position\":1,\"name\":\"Home\",\"item\":\"http:\/\/www.punca.si\/\"},{\"@type\":\"ListItem\",\"position\":2,\"name\":\"Marjetka Kova\\u010d\"}]}]}<\/script>\n<!-- \/ Yoast SEO plugin. -->","yoast_head_json":{"title":"Marjetka Kova\u010d - Punca.si","robots":{"index":"index","follow":"follow","max-snippet":"max-snippet:-1","max-image-preview":"max-image-preview:large","max-video-preview":"max-video-preview:-1"},"canonical":"http:\/\/www.punca.si\/?page_id=1012","og_locale":"sl_SI","og_type":"article","og_title":"Marjetka Kova\u010d - Punca.si","og_description":"[vc_row row_height_percent=&#8221;0&#8243; override_padding=&#8221;yes&#8221; h_padding=&#8221;5&#8243; top_padding=&#8221;3&#8243; bottom_padding=&#8221;2&#8243; overlay_alpha=&#8221;50&#8243; gutter_size=&#8221;3&#8243; column_width_percent=&#8221;100&#8243; shift_y=&#8221;0&#8243; z_index=&#8221;0&#8243;][vc_column width=&#8221;1\/4&#8243;][vc_single_image media=&#8221;835&#8243; media_width_percent=&#8221;80&#8243; shape=&#8221;img-circle&#8221; el_id=&#8221;avtorica_head&#8221;][\/vc_column][vc_column column_width_percent=&#8221;100&#8243; gutter_size=&#8221;2&#8243; override_padding=&#8221;yes&#8221; column_padding=&#8221;0&#8243; [&hellip;]","og_url":"http:\/\/www.punca.si\/?page_id=1012","og_site_name":"Punca.si","article_modified_time":"2021-04-21T12:08:49+00:00","twitter_card":"summary_large_image","twitter_misc":{"Est. reading time":"5 minut"},"schema":{"@context":"https:\/\/schema.org","@graph":[{"@type":"WebSite","@id":"http:\/\/www.punca.si\/#website","url":"http:\/\/www.punca.si\/","name":"Punca.si","description":"Samo zate!","potentialAction":[{"@type":"SearchAction","target":{"@type":"EntryPoint","urlTemplate":"http:\/\/www.punca.si\/?s={search_term_string}"},"query-input":"required name=search_term_string"}],"inLanguage":"sl-SI"},{"@type":"WebPage","@id":"http:\/\/www.punca.si\/?page_id=1012#webpage","url":"http:\/\/www.punca.si\/?page_id=1012","name":"Marjetka Kova\u010d - Punca.si","isPartOf":{"@id":"http:\/\/www.punca.si\/#website"},"datePublished":"2021-02-25T14:44:09+00:00","dateModified":"2021-04-21T12:08:49+00:00","breadcrumb":{"@id":"http:\/\/www.punca.si\/?page_id=1012#breadcrumb"},"inLanguage":"sl-SI","potentialAction":[{"@type":"ReadAction","target":["http:\/\/www.punca.si\/?page_id=1012"]}]},{"@type":"BreadcrumbList","@id":"http:\/\/www.punca.si\/?page_id=1012#breadcrumb","itemListElement":[{"@type":"ListItem","position":1,"name":"Home","item":"http:\/\/www.punca.si\/"},{"@type":"ListItem","position":2,"name":"Marjetka Kova\u010d"}]}]}},"_links":{"self":[{"href":"http:\/\/www.punca.si\/index.php?rest_route=\/wp\/v2\/pages\/1012"}],"collection":[{"href":"http:\/\/www.punca.si\/index.php?rest_route=\/wp\/v2\/pages"}],"about":[{"href":"http:\/\/www.punca.si\/index.php?rest_route=\/wp\/v2\/types\/page"}],"author":[{"embeddable":true,"href":"http:\/\/www.punca.si\/index.php?rest_route=\/wp\/v2\/users\/1"}],"replies":[{"embeddable":true,"href":"http:\/\/www.punca.si\/index.php?rest_route=%2Fwp%2Fv2%2Fcomments&post=1012"}],"version-history":[{"count":4,"href":"http:\/\/www.punca.si\/index.php?rest_route=\/wp\/v2\/pages\/1012\/revisions"}],"predecessor-version":[{"id":1152,"href":"http:\/\/www.punca.si\/index.php?rest_route=\/wp\/v2\/pages\/1012\/revisions\/1152"}],"wp:attachment":[{"href":"http:\/\/www.punca.si\/index.php?rest_route=%2Fwp%2Fv2%2Fmedia&parent=1012"}],"curies":[{"name":"wp","href":"https:\/\/api.w.org\/{rel}","templated":true}]}}