{"id":1535,"date":"2021-11-14T09:10:55","date_gmt":"2021-11-14T09:10:55","guid":{"rendered":"https:\/\/www.punca.si\/?page_id=1535"},"modified":"2021-11-14T09:10:55","modified_gmt":"2021-11-14T09:10:55","slug":"ursa-strukelj","status":"publish","type":"page","link":"http:\/\/www.punca.si\/?page_id=1535","title":{"rendered":"Ur\u0161a \u0160trukelj"},"content":{"rendered":"<p>[vc_row row_height_percent=&#8221;0&#8243; override_padding=&#8221;yes&#8221; h_padding=&#8221;5&#8243; top_padding=&#8221;3&#8243; bottom_padding=&#8221;2&#8243; overlay_alpha=&#8221;50&#8243; gutter_size=&#8221;3&#8243; column_width_percent=&#8221;100&#8243; shift_y=&#8221;0&#8243; z_index=&#8221;0&#8243;][vc_column width=&#8221;1\/4&#8243;][vc_single_image media=&#8221;1538&#8243; media_width_percent=&#8221;80&#8243; shape=&#8221;img-circle&#8221; el_id=&#8221;avtorica_head&#8221; uncode_shortcode_id=&#8221;667198&#8243;][\/vc_column][vc_column column_width_percent=&#8221;100&#8243; gutter_size=&#8221;2&#8243; override_padding=&#8221;yes&#8221; column_padding=&#8221;0&#8243; overlay_alpha=&#8221;50&#8243; shift_x=&#8221;0&#8243; shift_y=&#8221;0&#8243; shift_y_down=&#8221;0&#8243; z_index=&#8221;0&#8243; medium_width=&#8221;0&#8243; mobile_width=&#8221;0&#8243; width=&#8221;3\/4&#8243;][vc_column_text]<span style=\"color: #f49329; font-size: 32px; font-family: AlbraText-Bold;\">Ur\u0161a \u0160trukelj<\/span><br \/>\nSTROKOVNJAKINJA<\/p>\n<p>Dipl. filozofinja in sociologinja kulture, celostna plesalka, kreativka, mama dveh najstnikov. \u00bbMoje \u017eivljenje vodi ustvarjanje v vseh mo\u017enih oblikah. Od predelave obla\u010dil, trajnostnega oblikovanja, slikanja, pisanja pesmi, plesa, plesa na svili, land arta \u2026 Inspiracija je moj moto, intuicija moje vodstvo. Vodim skupinska in individualna sre\u010danja, kjer se sre\u010dava to\u010dno tam, kjer si in kakr\u0161na si. S tabo ni ni\u010d narobe. Vse je v najlep\u0161em redu. \u010ce pa se ti zdi, da slu\u010dajno ni, je treba le odstreti eno plast&#8230; Mi zaupa\u0161?\u00ab<\/p>\n<p>Sledi ji na:[\/vc_column_text][vc_row_inner row_inner_height_percent=&#8221;0&#8243; overlay_alpha=&#8221;50&#8243; gutter_size=&#8221;0&#8243; shift_y=&#8221;0&#8243; z_index=&#8221;0&#8243; limit_content=&#8221;&#8221; css=&#8221;.vc_custom_1614158586645{padding-top: 0px !important;}&#8221;][vc_column_inner column_width_percent=&#8221;100&#8243; gutter_size=&#8221;0&#8243; override_padding=&#8221;yes&#8221; column_padding=&#8221;0&#8243; overlay_alpha=&#8221;50&#8243; shift_x=&#8221;0&#8243; shift_y=&#8221;0&#8243; shift_y_down=&#8221;0&#8243; z_index=&#8221;0&#8243; medium_width=&#8221;0&#8243; mobile_width=&#8221;0&#8243; width=&#8221;1\/1&#8243;][vc_icon display=&#8221;inline&#8221; icon=&#8221;fa fa-chain&#8221; link=&#8221;url:https%3A%2F%2Fwww.dilight.si%2F|target:_blank&#8221; uncode_shortcode_id=&#8221;207156&#8243;][\/vc_icon][vc_icon display=&#8221;inline&#8221; icon=&#8221;fa fa-social-facebook&#8221; link=&#8221;url:https%3A%2F%2Fwww.facebook.com%2Fdilight.full%2F|target:_blank&#8221; uncode_shortcode_id=&#8221;108689&#8243;][\/vc_icon][vc_empty_space empty_h=&#8221;1&#8243;][vc_button button_color=&#8221;color-150568&#8243; size=&#8221;btn-link&#8221; border_width=&#8221;0&#8243; link=&#8221;url:%23%2F|||&#8221; onclick=&#8221;var y = document.getElementById(&#8220;preberi_vec&#8220;); y.style.display = &#8220;none&#8220;; var x = document.getElementById(&#8220;preberi_vec&#8220;); if (x.style.display === &#8220;none&#8220;) { x.style.display = &#8220;block&#8220;; } else { x.style.display = &#8220;none&#8220;; }; document.activeElement.blur()&#8221;]PREBERI VE\u010c[\/vc_button][\/vc_column_inner][\/vc_row_inner][\/vc_column][\/vc_row][vc_row row_height_percent=&#8221;0&#8243; override_padding=&#8221;yes&#8221; h_padding=&#8221;5&#8243; top_padding=&#8221;0&#8243; bottom_padding=&#8221;2&#8243; overlay_alpha=&#8221;50&#8243; gutter_size=&#8221;3&#8243; column_width_percent=&#8221;100&#8243; shift_y=&#8221;0&#8243; z_index=&#8221;0&#8243; el_id=&#8221;preberi_vec&#8221;][vc_column width=&#8221;1\/1&#8243;][vc_column_text uncode_shortcode_id=&#8221;120548&#8243;]<span style=\"color: #81b38a;\">Ob spominu nase kot na najstnico se mi prikrade notranji nasme\u0161ek, ko pa kdaj pripovedujem svoje zgodbe, krepam od smeha. V\u010dasih ne morem verjeti, da sem bila tako predrzna, neustra\u0161na in polna norih idej. Zame niso obstajale omejitve, kot so strah, dvom in negotovost. Cel svet se mi je zdel osvojljiv in sama sem najbolje vedela, kaj je prav in kaj narobe. Ampak to ni bil le \u010das uporni\u0161tva, svojeglavosti, trme, nepremi\u0161ljenosti, temve\u010d \u010das globoke povezanosti s sabo. Takrat sem zelo dobro \u010dutila, kaj je moje jedro, kaj \u017eelim, kaj mi je v\u0161e\u010d, kaj mi ni. Zavedala sem se, da je tisti del mene, ki VE, nezmotljiv. To se danes sli\u0161i skoraj nemogo\u010de, ampak ker sem do\u017eivela ta ob\u010dutek, vem, da imamo dostop do tja. Prav vsak. \u0160e posebej v najstni\u0161tvu. \u010ce si ga le privo\u0161\u010dimo imeti. Kot najstnica sem zelo dobro znala razbrati svoje najglobje ob\u010dutke. Prav zato sem poznala svojo naravo in sebe zelo \u010dutila.<\/span><br \/>\n<span style=\"color: #81b38a;\">Izra\u017eala sem se s pisanjem pesmi, slikanjem, plesom. Od nekdaj sem ustvarjala, najraje nekaj popolnoma novega, ni\u010demur in nikomur podobnega. Ker je bil moj o\u010de slikar, sem morala vse narediti zelo druga\u010de od njega. Tako sem za\u010dela razvijati popolnoma svoj slog \u2013 prosojne svetlobne slike. Iz tega se je rodila moja znamka Dilight, ki me spremlja \u017ee ve\u010d kot 20 let in se z mano vred spreminja. Njena stalnica pa je ustvarjalnot, unikatnost in trajnostno oblikovanje.<\/span><br \/>\n<span style=\"color: #81b38a;\">Svojo mladost sem pre\u017eivela v glavnem s prijatelji v skali, v son\u010dnih plezali\u0161\u010dih, v zasne\u017eenih hribih ter v plesnih dvoranah. U\u017eivala sem v podiranju meja in obra\u010danju perspektiv. Nisem prenesla omejitev, nadzora in avtoritete. Kakr\u0161nekoli dru\u017ebene spone so me omejevale.<\/span><br \/>\n<span style=\"color: #81b38a;\">Del najstnice ni v meni nikoli zamrl (hvala bogu!) Ravno v ob\u010dutku, ki sem ga nosila v tistem \u010dasu, je \u0161e danes to\u010dka, kjer najdem samo sebe najglobje. Kjer res \u010dutim svoje bitje, sli\u0161im svoj glas, poslu\u0161am svoj namen. In ta je vedno v gibanju in se dinami\u010dno spreminja. S tem ohranjam svoj vitalni del sebe, ki vedno ostaja \u017eiv, ne glede na smrti, ki jih do\u017eivim. Poslu\u0161ati sebe je najve\u010dja ve\u0161\u010dina, ki se je lahko v tem \u017eivljenju nau\u010dimo.<\/span><br \/>\n<span style=\"color: #81b38a;\">Izjemnega pomena se mi zdi, da bi v najstni\u0161tvu imela podporo odrasle osebe, ki bi mi bil\/-a sogovornica prav na podro\u010dju zaupanja v lastno integriteto, zaupanju vase, v svoje razmi\u0161ljanje, \u010dutenje. Na sre\u010do sem imela mo\u010dno voljo in bila nedovzetna za manipulacijo kakr\u0161ne koli razse\u017enosti. Tako sem ohranila stik s tem delom sebe in \u0161e danes je ta zame izjemnega pomena. Kajti ni pomembno, koliko si star, temve\u010d kako blizu si samemu sebi, koliko razumevanja in podpore si da\u0161. Kako s sabo ravna\u0161.<\/span><br \/>\n<span style=\"color: #81b38a;\">Danes mi je kot mami odra\u0161\u010dajo\u010dima najstnikoma to prvo vodilo. Kak\u0161en odnos gradi\u0161 s sabo, do sebe, kako se poslu\u0161a\u0161, kako izrazi\u0161, kje so tvoje meje, kaj misli\u0161, kako se po\u010duti\u0161, kaj te moti, \u010desa te je strah? Brez poslu\u0161anja sebe ne more\u0161 \u017eiveti polnega in izpolnjujo\u010dega \u017eivljenja. Ni mo\u017eno. Vse drugo se lahko skrije.<\/span><br \/>\n<span style=\"color: #81b38a;\">Danes vodim skupine odraslih in otrok in posameznike, kjer skozi ples, glas, ustvarjanje v naravi i\u0161\u010demo prav to, s \u010dimer smo v stiku, ko smo \u0161e neoblikovani od tega sveta. To je del nas, ki ga jaz imenujem \u2018divji\u2019 del nas. Potovanje tja pa \u2018Okus po divjem\u2019. Kdo smo, ko \u0161e nismo strgovali svoje neodvisnosti, svoje nravnosti, resnicoljubnosti, svoje nedol\u017enosti.<\/span><br \/>\n<span style=\"color: #81b38a;\">Najde\u0161 me na <a style=\"color: #81b38a;\" href=\"https:\/\/www.dilight.si\/\" target=\"_blank\" rel=\"noopener\">www.dilight.si\/<\/a>, FB <a style=\"color: #81b38a;\" href=\"https:\/\/www.facebook.com\/dilight.full\/\" target=\"_blank\" rel=\"noopener\">Dilight<\/a>.<br \/>\n<\/span>[\/vc_column_text][\/vc_column][\/vc_row][vc_row unlock_row=&#8221;&#8221; row_height_percent=&#8221;0&#8243; override_padding=&#8221;yes&#8221; h_padding=&#8221;5&#8243; top_padding=&#8221;0&#8243; bottom_padding=&#8221;2&#8243; overlay_alpha=&#8221;50&#8243; gutter_size=&#8221;3&#8243; column_width_percent=&#8221;100&#8243; shift_y=&#8221;0&#8243; z_index=&#8221;0&#8243;][vc_column width=&#8221;1\/1&#8243;][vc_separator sep_color=&#8221;,Default&#8221;][\/vc_column][\/vc_row][vc_row row_height_percent=&#8221;0&#8243; override_padding=&#8221;yes&#8221; h_padding=&#8221;5&#8243; top_padding=&#8221;2&#8243; bottom_padding=&#8221;2&#8243; back_color=&#8221;color-xsdn&#8221; overlay_alpha=&#8221;100&#8243; gutter_size=&#8221;100&#8243; column_width_percent=&#8221;100&#8243; shift_y=&#8221;0&#8243; z_index=&#8221;0&#8243; style=&#8221;inherited&#8221;][vc_column column_width_percent=&#8221;100&#8243; position_horizontal=&#8221;left&#8221; gutter_size=&#8221;3&#8243; font_family=&#8221;PT Serif&#8221; overlay_alpha=&#8221;100&#8243; shift_x=&#8221;0&#8243; shift_y=&#8221;0&#8243; medium_width=&#8221;0&#8243; zoom_width=&#8221;0&#8243; zoom_height=&#8221;0&#8243; width=&#8221;1\/1&#8243;][uncode_index el_id=&#8221;index-17465098822&#8243; isotope_mode=&#8221;fitRows&#8221; loop=&#8221;size:12|order_by:date|post_type:post|authors:15|taxonomy_count:10&#8243; index_back_color=&#8221;color-xsdn&#8221; infinite=&#8221;yes&#8221; infinite_button=&#8221;yes&#8221; infinite_button_color=&#8221;color-150568&#8243; gutter_size=&#8221;2&#8243; post_items=&#8221;media|media|onpost|original,text|excerpt|70,icon|sm,title,sep-one|full,author|sm_size|hide_qualification&#8221; page_items=&#8221;title,media,text,category&#8221; product_items=&#8221;title,media,text,category,price&#8221; portfolio_items=&#8221;title,media,text,category&#8221; screen_lg=&#8221;800&#8243; screen_md=&#8221;600&#8243; screen_sm=&#8221;480&#8243; single_width=&#8221;3&#8243; images_size=&#8221;three-two&#8221; single_back_color=&#8221;color-xsdn&#8221; single_overlay_color=&#8221;color-374512&#8243; single_overlay_opacity=&#8221;50&#8243; single_padding=&#8221;1&#8243; single_title_dimension=&#8221;h5&#8243; single_border=&#8221;yes&#8221; single_css_animation=&#8221;bottom-t-top&#8221; single_animation_delay=&#8221;400&#8243; single_half_padding=&#8221;&#8221; single_title_uppercase=&#8221;&#8221; single_title_bold=&#8221;yes&#8221; single_title_serif=&#8221;&#8221; single_title_divider=&#8221;&#8221; single_no_background=&#8221;&#8221; footer_position=&#8221;left&#8221; carousel_rtl=&#8221;&#8221; single_icon=&#8221;fa fa-plus2&#8243; items=&#8221;eyIyNDg5X2kiOnsic2luZ2xlX3dpZHRoIjoiNiJ9fQ==&#8221; filtering_transform=&#8221;uppercase&#8221; uncode_shortcode_id=&#8221;833658&#8243; index_back_color_type=&#8221;uncode-palette&#8221; infinite_button_color_type=&#8221;uncode-palette&#8221;][\/vc_column][\/vc_row][vc_row][vc_column width=&#8221;1\/1&#8243;][\/vc_column][\/vc_row]<\/p>\n","protected":false},"excerpt":{"rendered":"<p>[vc_row row_height_percent=&#8221;0&#8243; override_padding=&#8221;yes&#8221; h_padding=&#8221;5&#8243; top_padding=&#8221;3&#8243; bottom_padding=&#8221;2&#8243; overlay_alpha=&#8221;50&#8243; gutter_size=&#8221;3&#8243; column_width_percent=&#8221;100&#8243; shift_y=&#8221;0&#8243; z_index=&#8221;0&#8243;][vc_column width=&#8221;1\/4&#8243;][vc_single_image media=&#8221;1538&#8243; media_width_percent=&#8221;80&#8243; shape=&#8221;img-circle&#8221; el_id=&#8221;avtorica_head&#8221; uncode_shortcode_id=&#8221;667198&#8243;][\/vc_column][vc_column column_width_percent=&#8221;100&#8243; gutter_size=&#8221;2&#8243; override_padding=&#8221;yes&#8221; [&hellip;]<\/p>\n","protected":false},"author":1,"featured_media":0,"parent":0,"menu_order":0,"comment_status":"closed","ping_status":"closed","template":"","meta":{"_monsterinsights_skip_tracking":false,"_monsterinsights_sitenote_active":false,"_monsterinsights_sitenote_note":"","_monsterinsights_sitenote_category":0},"yoast_head":"<!-- This site is optimized with the Yoast SEO plugin v17.2.1 - https:\/\/yoast.com\/wordpress\/plugins\/seo\/ -->\n<title>Ur\u0161a \u0160trukelj - Punca.si<\/title>\n<meta name=\"robots\" content=\"index, follow, max-snippet:-1, max-image-preview:large, max-video-preview:-1\" \/>\n<link rel=\"canonical\" href=\"http:\/\/www.punca.si\/?page_id=1535\" \/>\n<meta property=\"og:locale\" content=\"sl_SI\" \/>\n<meta property=\"og:type\" content=\"article\" \/>\n<meta property=\"og:title\" content=\"Ur\u0161a \u0160trukelj - Punca.si\" \/>\n<meta property=\"og:description\" content=\"[vc_row row_height_percent=&#8221;0&#8243; override_padding=&#8221;yes&#8221; h_padding=&#8221;5&#8243; top_padding=&#8221;3&#8243; bottom_padding=&#8221;2&#8243; overlay_alpha=&#8221;50&#8243; gutter_size=&#8221;3&#8243; column_width_percent=&#8221;100&#8243; shift_y=&#8221;0&#8243; z_index=&#8221;0&#8243;][vc_column width=&#8221;1\/4&#8243;][vc_single_image media=&#8221;1538&#8243; media_width_percent=&#8221;80&#8243; shape=&#8221;img-circle&#8221; el_id=&#8221;avtorica_head&#8221; uncode_shortcode_id=&#8221;667198&#8243;][\/vc_column][vc_column column_width_percent=&#8221;100&#8243; gutter_size=&#8221;2&#8243; override_padding=&#8221;yes&#8221; [&hellip;]\" \/>\n<meta property=\"og:url\" content=\"http:\/\/www.punca.si\/?page_id=1535\" \/>\n<meta property=\"og:site_name\" content=\"Punca.si\" \/>\n<meta name=\"twitter:card\" content=\"summary_large_image\" \/>\n<meta name=\"twitter:label1\" content=\"Est. reading time\" \/>\n\t<meta name=\"twitter:data1\" content=\"4 minute\" \/>\n<script type=\"application\/ld+json\" class=\"yoast-schema-graph\">{\"@context\":\"https:\/\/schema.org\",\"@graph\":[{\"@type\":\"WebSite\",\"@id\":\"http:\/\/www.punca.si\/#website\",\"url\":\"http:\/\/www.punca.si\/\",\"name\":\"Punca.si\",\"description\":\"Samo zate!\",\"potentialAction\":[{\"@type\":\"SearchAction\",\"target\":{\"@type\":\"EntryPoint\",\"urlTemplate\":\"http:\/\/www.punca.si\/?s={search_term_string}\"},\"query-input\":\"required name=search_term_string\"}],\"inLanguage\":\"sl-SI\"},{\"@type\":\"WebPage\",\"@id\":\"http:\/\/www.punca.si\/?page_id=1535#webpage\",\"url\":\"http:\/\/www.punca.si\/?page_id=1535\",\"name\":\"Ur\\u0161a \\u0160trukelj - Punca.si\",\"isPartOf\":{\"@id\":\"http:\/\/www.punca.si\/#website\"},\"datePublished\":\"2021-11-14T09:10:55+00:00\",\"dateModified\":\"2021-11-14T09:10:55+00:00\",\"breadcrumb\":{\"@id\":\"http:\/\/www.punca.si\/?page_id=1535#breadcrumb\"},\"inLanguage\":\"sl-SI\",\"potentialAction\":[{\"@type\":\"ReadAction\",\"target\":[\"http:\/\/www.punca.si\/?page_id=1535\"]}]},{\"@type\":\"BreadcrumbList\",\"@id\":\"http:\/\/www.punca.si\/?page_id=1535#breadcrumb\",\"itemListElement\":[{\"@type\":\"ListItem\",\"position\":1,\"name\":\"Home\",\"item\":\"http:\/\/www.punca.si\/\"},{\"@type\":\"ListItem\",\"position\":2,\"name\":\"Ur\\u0161a \\u0160trukelj\"}]}]}<\/script>\n<!-- \/ Yoast SEO plugin. -->","yoast_head_json":{"title":"Ur\u0161a \u0160trukelj - Punca.si","robots":{"index":"index","follow":"follow","max-snippet":"max-snippet:-1","max-image-preview":"max-image-preview:large","max-video-preview":"max-video-preview:-1"},"canonical":"http:\/\/www.punca.si\/?page_id=1535","og_locale":"sl_SI","og_type":"article","og_title":"Ur\u0161a \u0160trukelj - Punca.si","og_description":"[vc_row row_height_percent=&#8221;0&#8243; override_padding=&#8221;yes&#8221; h_padding=&#8221;5&#8243; top_padding=&#8221;3&#8243; bottom_padding=&#8221;2&#8243; overlay_alpha=&#8221;50&#8243; gutter_size=&#8221;3&#8243; column_width_percent=&#8221;100&#8243; shift_y=&#8221;0&#8243; z_index=&#8221;0&#8243;][vc_column width=&#8221;1\/4&#8243;][vc_single_image media=&#8221;1538&#8243; media_width_percent=&#8221;80&#8243; shape=&#8221;img-circle&#8221; el_id=&#8221;avtorica_head&#8221; uncode_shortcode_id=&#8221;667198&#8243;][\/vc_column][vc_column column_width_percent=&#8221;100&#8243; gutter_size=&#8221;2&#8243; override_padding=&#8221;yes&#8221; [&hellip;]","og_url":"http:\/\/www.punca.si\/?page_id=1535","og_site_name":"Punca.si","twitter_card":"summary_large_image","twitter_misc":{"Est. reading time":"4 minute"},"schema":{"@context":"https:\/\/schema.org","@graph":[{"@type":"WebSite","@id":"http:\/\/www.punca.si\/#website","url":"http:\/\/www.punca.si\/","name":"Punca.si","description":"Samo zate!","potentialAction":[{"@type":"SearchAction","target":{"@type":"EntryPoint","urlTemplate":"http:\/\/www.punca.si\/?s={search_term_string}"},"query-input":"required name=search_term_string"}],"inLanguage":"sl-SI"},{"@type":"WebPage","@id":"http:\/\/www.punca.si\/?page_id=1535#webpage","url":"http:\/\/www.punca.si\/?page_id=1535","name":"Ur\u0161a \u0160trukelj - Punca.si","isPartOf":{"@id":"http:\/\/www.punca.si\/#website"},"datePublished":"2021-11-14T09:10:55+00:00","dateModified":"2021-11-14T09:10:55+00:00","breadcrumb":{"@id":"http:\/\/www.punca.si\/?page_id=1535#breadcrumb"},"inLanguage":"sl-SI","potentialAction":[{"@type":"ReadAction","target":["http:\/\/www.punca.si\/?page_id=1535"]}]},{"@type":"BreadcrumbList","@id":"http:\/\/www.punca.si\/?page_id=1535#breadcrumb","itemListElement":[{"@type":"ListItem","position":1,"name":"Home","item":"http:\/\/www.punca.si\/"},{"@type":"ListItem","position":2,"name":"Ur\u0161a \u0160trukelj"}]}]}},"_links":{"self":[{"href":"http:\/\/www.punca.si\/index.php?rest_route=\/wp\/v2\/pages\/1535"}],"collection":[{"href":"http:\/\/www.punca.si\/index.php?rest_route=\/wp\/v2\/pages"}],"about":[{"href":"http:\/\/www.punca.si\/index.php?rest_route=\/wp\/v2\/types\/page"}],"author":[{"embeddable":true,"href":"http:\/\/www.punca.si\/index.php?rest_route=\/wp\/v2\/users\/1"}],"replies":[{"embeddable":true,"href":"http:\/\/www.punca.si\/index.php?rest_route=%2Fwp%2Fv2%2Fcomments&post=1535"}],"version-history":[{"count":3,"href":"http:\/\/www.punca.si\/index.php?rest_route=\/wp\/v2\/pages\/1535\/revisions"}],"predecessor-version":[{"id":1539,"href":"http:\/\/www.punca.si\/index.php?rest_route=\/wp\/v2\/pages\/1535\/revisions\/1539"}],"wp:attachment":[{"href":"http:\/\/www.punca.si\/index.php?rest_route=%2Fwp%2Fv2%2Fmedia&parent=1535"}],"curies":[{"name":"wp","href":"https:\/\/api.w.org\/{rel}","templated":true}]}}