{"id":2023,"date":"2022-01-22T09:34:44","date_gmt":"2022-01-22T09:34:44","guid":{"rendered":"https:\/\/www.punca.si\/?page_id=2023"},"modified":"2024-06-18T16:33:43","modified_gmt":"2024-06-18T16:33:43","slug":"vesna-milosevic-zupancic","status":"publish","type":"page","link":"http:\/\/www.punca.si\/?page_id=2023","title":{"rendered":"dr. Vesna Milo\u0161evi\u010d Zupan\u010di\u010d"},"content":{"rendered":"<p>[vc_row row_height_percent=&#8221;0&#8243; override_padding=&#8221;yes&#8221; h_padding=&#8221;5&#8243; top_padding=&#8221;3&#8243; bottom_padding=&#8221;2&#8243; overlay_alpha=&#8221;50&#8243; gutter_size=&#8221;3&#8243; column_width_percent=&#8221;100&#8243; shift_y=&#8221;0&#8243; z_index=&#8221;0&#8243;][vc_column width=&#8221;1\/4&#8243;][vc_single_image media=&#8221;2020&#8243; media_width_percent=&#8221;80&#8243; shape=&#8221;img-circle&#8221; el_id=&#8221;avtorica_head&#8221; uncode_shortcode_id=&#8221;138365&#8243;][\/vc_column][vc_column column_width_percent=&#8221;100&#8243; gutter_size=&#8221;2&#8243; override_padding=&#8221;yes&#8221; column_padding=&#8221;0&#8243; overlay_alpha=&#8221;50&#8243; shift_x=&#8221;0&#8243; shift_y=&#8221;0&#8243; shift_y_down=&#8221;0&#8243; z_index=&#8221;0&#8243; medium_width=&#8221;0&#8243; mobile_width=&#8221;0&#8243; width=&#8221;3\/4&#8243;][vc_column_text uncode_shortcode_id=&#8221;268046&#8243;]<span style=\"color: #f49329; font-size: 32px; font-family: AlbraText-Bold;\">dr. Vesna Milo\u0161evi\u010d Zupan\u010di\u010d<\/span><br \/>\nSTROKOVNJAKINJA<\/p>\n<p>Dr. Vesna Milo\u0161evi\u010d Zupan\u010di\u010d, je strokovnjakinja za mlade in trg dela. Ukvarjam se s podro\u010djem \u0161tudentskega in dija\u0161kega dela, s kompetencami ter predavam mladim o iskanju prvega dela in o karierni poti. Sem tudi mami dveh punc, zaposlena pa sem na e-\u0160tudentskem Servisu.<\/p>\n<p>&nbsp;<\/p>\n<p>Sledi ji na:[\/vc_column_text][vc_row_inner row_inner_height_percent=&#8221;0&#8243; overlay_alpha=&#8221;50&#8243; gutter_size=&#8221;0&#8243; shift_y=&#8221;0&#8243; z_index=&#8221;0&#8243; limit_content=&#8221;&#8221; css=&#8221;.vc_custom_1614158586645{padding-top: 0px !important;}&#8221;][vc_column_inner column_width_percent=&#8221;100&#8243; gutter_size=&#8221;0&#8243; override_padding=&#8221;yes&#8221; column_padding=&#8221;0&#8243; overlay_alpha=&#8221;50&#8243; shift_x=&#8221;0&#8243; shift_y=&#8221;0&#8243; shift_y_down=&#8221;0&#8243; z_index=&#8221;0&#8243; medium_width=&#8221;0&#8243; mobile_width=&#8221;0&#8243; width=&#8221;1\/1&#8243;][vc_icon display=&#8221;inline&#8221; icon=&#8221;fa fa-social-linkedin&#8221; link=&#8221;url:https%3A%2F%2Fwww.linkedin.com%2Fcompany%2Fe-studentski-servis|target:_blank&#8221; uncode_shortcode_id=&#8221;185167&#8243;][\/vc_icon][vc_icon display=&#8221;inline&#8221; icon=&#8221;fa fa-social-facebook&#8221; link=&#8221;url:https%3A%2F%2Fwww.facebook.com%2Fe.studentski%2F|target:_blank&#8221; uncode_shortcode_id=&#8221;138275&#8243;][\/vc_icon][vc_icon display=&#8221;inline&#8221; icon=&#8221;fa fa-instagram1&#8243; link=&#8221;url:https%3A%2F%2Fwww.instagram.com%2Fe_studentski_servis%2F%3Fhl%3Den|target:_blank&#8221; uncode_shortcode_id=&#8221;674146&#8243;][\/vc_icon][vc_icon display=&#8221;inline&#8221; icon=&#8221;fa fa-youtube&#8221; link=&#8221;url:https%3A%2F%2Fwww.youtube.com%2Fchannel%2FUCFEDIIb5a-6FrjAEoOfFeNg|target:_blank&#8221; uncode_shortcode_id=&#8221;392608&#8243;][\/vc_icon][vc_empty_space empty_h=&#8221;1&#8243;][vc_button button_color=&#8221;color-150568&#8243; size=&#8221;btn-link&#8221; border_width=&#8221;0&#8243; link=&#8221;url:%23%2F|||&#8221; onclick=&#8221;var y = document.getElementById(&#8220;preberi_vec&#8220;); y.style.display = &#8220;none&#8220;; var x = document.getElementById(&#8220;preberi_vec&#8220;); if (x.style.display === &#8220;none&#8220;) { x.style.display = &#8220;block&#8220;; } else { x.style.display = &#8220;none&#8220;; }; document.activeElement.blur()&#8221;]PREBERI VE\u010c[\/vc_button][\/vc_column_inner][\/vc_row_inner][\/vc_column][\/vc_row][vc_row row_height_percent=&#8221;0&#8243; override_padding=&#8221;yes&#8221; h_padding=&#8221;5&#8243; top_padding=&#8221;0&#8243; bottom_padding=&#8221;2&#8243; overlay_alpha=&#8221;50&#8243; gutter_size=&#8221;3&#8243; column_width_percent=&#8221;100&#8243; shift_y=&#8221;0&#8243; z_index=&#8221;0&#8243; el_id=&#8221;preberi_vec&#8221;][vc_column width=&#8221;1\/1&#8243;][vc_column_text uncode_shortcode_id=&#8221;312798&#8243;]<span style=\"color: #81b38a;\">Kot dijakinja sem rada brala, hkrati pa sem se zelo rada dru\u017eila z ljudmi. Skozi opravljanje razli\u010dnih dija\u0161kih in \u0161tudentskih del sem odkrivala, kaj delajo v dolo\u010denih poklicih, kaj me veseli in kaj sploh ne . Veliko sem se ukvarjala s \u0161portom, veliko energije pa sem posve\u010dala tudi aktivizmu. Vedno sem si \u017eelela delati za mlade in z mladimi. Delala sem na projektih v mladinskih in \u0161tudentskih organizacijah na lokalni, nacionalni in evropski ravni. Pri tem sem se veliko nau\u010dila, pridobila mnogo kompetenc in spoznala ogromno novih ljudi.<\/span>[\/vc_column_text][\/vc_column][\/vc_row][vc_row unlock_row=&#8221;&#8221; row_height_percent=&#8221;0&#8243; override_padding=&#8221;yes&#8221; h_padding=&#8221;5&#8243; top_padding=&#8221;0&#8243; bottom_padding=&#8221;2&#8243; overlay_alpha=&#8221;50&#8243; gutter_size=&#8221;3&#8243; column_width_percent=&#8221;100&#8243; shift_y=&#8221;0&#8243; z_index=&#8221;0&#8243;][vc_column width=&#8221;1\/1&#8243;][vc_separator sep_color=&#8221;,Default&#8221;][\/vc_column][\/vc_row][vc_row row_height_percent=&#8221;0&#8243; override_padding=&#8221;yes&#8221; h_padding=&#8221;5&#8243; top_padding=&#8221;2&#8243; bottom_padding=&#8221;2&#8243; back_color=&#8221;color-xsdn&#8221; overlay_alpha=&#8221;100&#8243; gutter_size=&#8221;100&#8243; column_width_percent=&#8221;100&#8243; shift_y=&#8221;0&#8243; z_index=&#8221;0&#8243; style=&#8221;inherited&#8221;][vc_column column_width_percent=&#8221;100&#8243; position_horizontal=&#8221;left&#8221; gutter_size=&#8221;3&#8243; font_family=&#8221;PT Serif&#8221; overlay_alpha=&#8221;100&#8243; shift_x=&#8221;0&#8243; shift_y=&#8221;0&#8243; medium_width=&#8221;0&#8243; zoom_width=&#8221;0&#8243; zoom_height=&#8221;0&#8243; width=&#8221;1\/1&#8243;][uncode_index el_id=&#8221;index-17465098822&#8243; isotope_mode=&#8221;fitRows&#8221; loop=&#8221;size:12|order_by:date|post_type:post|authors:20|taxonomy_count:10&#8243; index_back_color=&#8221;color-xsdn&#8221; infinite=&#8221;yes&#8221; infinite_button=&#8221;yes&#8221; infinite_button_color=&#8221;color-150568&#8243; gutter_size=&#8221;2&#8243; post_items=&#8221;media|media|onpost|original,text|excerpt|70,icon|sm,title,sep-one|full,author|sm_size|hide_qualification&#8221; page_items=&#8221;title,media,text,category&#8221; product_items=&#8221;title,media,text,category,price&#8221; portfolio_items=&#8221;title,media,text,category&#8221; screen_lg=&#8221;800&#8243; screen_md=&#8221;600&#8243; screen_sm=&#8221;480&#8243; single_width=&#8221;3&#8243; images_size=&#8221;three-two&#8221; single_back_color=&#8221;color-xsdn&#8221; single_overlay_color=&#8221;color-374512&#8243; single_overlay_opacity=&#8221;50&#8243; single_padding=&#8221;1&#8243; single_title_dimension=&#8221;h5&#8243; single_border=&#8221;yes&#8221; single_css_animation=&#8221;bottom-t-top&#8221; single_animation_delay=&#8221;400&#8243; single_half_padding=&#8221;&#8221; single_title_uppercase=&#8221;&#8221; single_title_bold=&#8221;yes&#8221; single_title_serif=&#8221;&#8221; single_title_divider=&#8221;&#8221; single_no_background=&#8221;&#8221; footer_position=&#8221;left&#8221; carousel_rtl=&#8221;&#8221; single_icon=&#8221;fa fa-plus2&#8243; items=&#8221;eyIyNDg5X2kiOnsic2luZ2xlX3dpZHRoIjoiNiJ9fQ==&#8221; filtering_transform=&#8221;uppercase&#8221; uncode_shortcode_id=&#8221;197756&#8243; index_back_color_type=&#8221;uncode-palette&#8221; infinite_button_color_type=&#8221;uncode-palette&#8221;][\/vc_column][\/vc_row][vc_row][vc_column width=&#8221;1\/1&#8243;][\/vc_column][\/vc_row]<\/p>\n","protected":false},"excerpt":{"rendered":"<p>[vc_row row_height_percent=&#8221;0&#8243; override_padding=&#8221;yes&#8221; h_padding=&#8221;5&#8243; top_padding=&#8221;3&#8243; bottom_padding=&#8221;2&#8243; overlay_alpha=&#8221;50&#8243; gutter_size=&#8221;3&#8243; column_width_percent=&#8221;100&#8243; shift_y=&#8221;0&#8243; z_index=&#8221;0&#8243;][vc_column width=&#8221;1\/4&#8243;][vc_single_image media=&#8221;2020&#8243; media_width_percent=&#8221;80&#8243; shape=&#8221;img-circle&#8221; el_id=&#8221;avtorica_head&#8221; uncode_shortcode_id=&#8221;138365&#8243;][\/vc_column][vc_column column_width_percent=&#8221;100&#8243; gutter_size=&#8221;2&#8243; override_padding=&#8221;yes&#8221; [&hellip;]<\/p>\n","protected":false},"author":1,"featured_media":0,"parent":0,"menu_order":0,"comment_status":"closed","ping_status":"closed","template":"","meta":{"_monsterinsights_skip_tracking":false,"_monsterinsights_sitenote_active":false,"_monsterinsights_sitenote_note":"","_monsterinsights_sitenote_category":0},"yoast_head":"<!-- This site is optimized with the Yoast SEO plugin v17.2.1 - https:\/\/yoast.com\/wordpress\/plugins\/seo\/ -->\n<title>dr. Vesna Milo\u0161evi\u010d Zupan\u010di\u010d - Punca.si<\/title>\n<meta name=\"robots\" content=\"index, follow, max-snippet:-1, max-image-preview:large, max-video-preview:-1\" \/>\n<link rel=\"canonical\" href=\"http:\/\/www.punca.si\/?page_id=2023\" \/>\n<meta property=\"og:locale\" content=\"sl_SI\" \/>\n<meta property=\"og:type\" content=\"article\" \/>\n<meta property=\"og:title\" content=\"dr. Vesna Milo\u0161evi\u010d Zupan\u010di\u010d - Punca.si\" \/>\n<meta property=\"og:description\" content=\"[vc_row row_height_percent=&#8221;0&#8243; override_padding=&#8221;yes&#8221; h_padding=&#8221;5&#8243; top_padding=&#8221;3&#8243; bottom_padding=&#8221;2&#8243; overlay_alpha=&#8221;50&#8243; gutter_size=&#8221;3&#8243; column_width_percent=&#8221;100&#8243; shift_y=&#8221;0&#8243; z_index=&#8221;0&#8243;][vc_column width=&#8221;1\/4&#8243;][vc_single_image media=&#8221;2020&#8243; media_width_percent=&#8221;80&#8243; shape=&#8221;img-circle&#8221; el_id=&#8221;avtorica_head&#8221; uncode_shortcode_id=&#8221;138365&#8243;][\/vc_column][vc_column column_width_percent=&#8221;100&#8243; gutter_size=&#8221;2&#8243; override_padding=&#8221;yes&#8221; [&hellip;]\" \/>\n<meta property=\"og:url\" content=\"http:\/\/www.punca.si\/?page_id=2023\" \/>\n<meta property=\"og:site_name\" content=\"Punca.si\" \/>\n<meta property=\"article:modified_time\" content=\"2024-06-18T16:33:43+00:00\" \/>\n<meta name=\"twitter:card\" content=\"summary_large_image\" \/>\n<meta name=\"twitter:label1\" content=\"Est. reading time\" \/>\n\t<meta name=\"twitter:data1\" content=\"2 minuti\" \/>\n<script type=\"application\/ld+json\" class=\"yoast-schema-graph\">{\"@context\":\"https:\/\/schema.org\",\"@graph\":[{\"@type\":\"WebSite\",\"@id\":\"https:\/\/www.punca.si\/#website\",\"url\":\"https:\/\/www.punca.si\/\",\"name\":\"Punca.si\",\"description\":\"Samo zate!\",\"potentialAction\":[{\"@type\":\"SearchAction\",\"target\":{\"@type\":\"EntryPoint\",\"urlTemplate\":\"https:\/\/www.punca.si\/?s={search_term_string}\"},\"query-input\":\"required name=search_term_string\"}],\"inLanguage\":\"sl-SI\"},{\"@type\":\"WebPage\",\"@id\":\"http:\/\/www.punca.si\/?page_id=2023#webpage\",\"url\":\"http:\/\/www.punca.si\/?page_id=2023\",\"name\":\"dr. Vesna Milo\\u0161evi\\u010d Zupan\\u010di\\u010d - Punca.si\",\"isPartOf\":{\"@id\":\"https:\/\/www.punca.si\/#website\"},\"datePublished\":\"2022-01-22T09:34:44+00:00\",\"dateModified\":\"2024-06-18T16:33:43+00:00\",\"breadcrumb\":{\"@id\":\"http:\/\/www.punca.si\/?page_id=2023#breadcrumb\"},\"inLanguage\":\"sl-SI\",\"potentialAction\":[{\"@type\":\"ReadAction\",\"target\":[\"http:\/\/www.punca.si\/?page_id=2023\"]}]},{\"@type\":\"BreadcrumbList\",\"@id\":\"http:\/\/www.punca.si\/?page_id=2023#breadcrumb\",\"itemListElement\":[{\"@type\":\"ListItem\",\"position\":1,\"name\":\"Home\",\"item\":\"https:\/\/www.punca.si\/\"},{\"@type\":\"ListItem\",\"position\":2,\"name\":\"dr. Vesna Milo\\u0161evi\\u010d Zupan\\u010di\\u010d\"}]}]}<\/script>\n<!-- \/ Yoast SEO plugin. -->","yoast_head_json":{"title":"dr. Vesna Milo\u0161evi\u010d Zupan\u010di\u010d - Punca.si","robots":{"index":"index","follow":"follow","max-snippet":"max-snippet:-1","max-image-preview":"max-image-preview:large","max-video-preview":"max-video-preview:-1"},"canonical":"http:\/\/www.punca.si\/?page_id=2023","og_locale":"sl_SI","og_type":"article","og_title":"dr. Vesna Milo\u0161evi\u010d Zupan\u010di\u010d - Punca.si","og_description":"[vc_row row_height_percent=&#8221;0&#8243; override_padding=&#8221;yes&#8221; h_padding=&#8221;5&#8243; top_padding=&#8221;3&#8243; bottom_padding=&#8221;2&#8243; overlay_alpha=&#8221;50&#8243; gutter_size=&#8221;3&#8243; column_width_percent=&#8221;100&#8243; shift_y=&#8221;0&#8243; z_index=&#8221;0&#8243;][vc_column width=&#8221;1\/4&#8243;][vc_single_image media=&#8221;2020&#8243; media_width_percent=&#8221;80&#8243; shape=&#8221;img-circle&#8221; el_id=&#8221;avtorica_head&#8221; uncode_shortcode_id=&#8221;138365&#8243;][\/vc_column][vc_column column_width_percent=&#8221;100&#8243; gutter_size=&#8221;2&#8243; override_padding=&#8221;yes&#8221; [&hellip;]","og_url":"http:\/\/www.punca.si\/?page_id=2023","og_site_name":"Punca.si","article_modified_time":"2024-06-18T16:33:43+00:00","twitter_card":"summary_large_image","twitter_misc":{"Est. reading time":"2 minuti"},"schema":{"@context":"https:\/\/schema.org","@graph":[{"@type":"WebSite","@id":"https:\/\/www.punca.si\/#website","url":"https:\/\/www.punca.si\/","name":"Punca.si","description":"Samo zate!","potentialAction":[{"@type":"SearchAction","target":{"@type":"EntryPoint","urlTemplate":"https:\/\/www.punca.si\/?s={search_term_string}"},"query-input":"required name=search_term_string"}],"inLanguage":"sl-SI"},{"@type":"WebPage","@id":"http:\/\/www.punca.si\/?page_id=2023#webpage","url":"http:\/\/www.punca.si\/?page_id=2023","name":"dr. Vesna Milo\u0161evi\u010d Zupan\u010di\u010d - Punca.si","isPartOf":{"@id":"https:\/\/www.punca.si\/#website"},"datePublished":"2022-01-22T09:34:44+00:00","dateModified":"2024-06-18T16:33:43+00:00","breadcrumb":{"@id":"http:\/\/www.punca.si\/?page_id=2023#breadcrumb"},"inLanguage":"sl-SI","potentialAction":[{"@type":"ReadAction","target":["http:\/\/www.punca.si\/?page_id=2023"]}]},{"@type":"BreadcrumbList","@id":"http:\/\/www.punca.si\/?page_id=2023#breadcrumb","itemListElement":[{"@type":"ListItem","position":1,"name":"Home","item":"https:\/\/www.punca.si\/"},{"@type":"ListItem","position":2,"name":"dr. Vesna Milo\u0161evi\u010d Zupan\u010di\u010d"}]}]}},"_links":{"self":[{"href":"http:\/\/www.punca.si\/index.php?rest_route=\/wp\/v2\/pages\/2023"}],"collection":[{"href":"http:\/\/www.punca.si\/index.php?rest_route=\/wp\/v2\/pages"}],"about":[{"href":"http:\/\/www.punca.si\/index.php?rest_route=\/wp\/v2\/types\/page"}],"author":[{"embeddable":true,"href":"http:\/\/www.punca.si\/index.php?rest_route=\/wp\/v2\/users\/1"}],"replies":[{"embeddable":true,"href":"http:\/\/www.punca.si\/index.php?rest_route=%2Fwp%2Fv2%2Fcomments&post=2023"}],"version-history":[{"count":4,"href":"http:\/\/www.punca.si\/index.php?rest_route=\/wp\/v2\/pages\/2023\/revisions"}],"predecessor-version":[{"id":2611,"href":"http:\/\/www.punca.si\/index.php?rest_route=\/wp\/v2\/pages\/2023\/revisions\/2611"}],"wp:attachment":[{"href":"http:\/\/www.punca.si\/index.php?rest_route=%2Fwp%2Fv2%2Fmedia&parent=2023"}],"curies":[{"name":"wp","href":"https:\/\/api.w.org\/{rel}","templated":true}]}}