{"id":912,"date":"2021-02-22T11:06:24","date_gmt":"2021-02-22T11:06:24","guid":{"rendered":"http:\/\/www.punca.si\/?page_id=912"},"modified":"2021-04-21T12:07:55","modified_gmt":"2021-04-21T12:07:55","slug":"temp-saska-klemencic","status":"publish","type":"page","link":"http:\/\/www.punca.si\/?page_id=912","title":{"rendered":"mag. Sa\u0161ka Klemen\u010di\u010d"},"content":{"rendered":"<p>[vc_row row_height_percent=&#8221;0&#8243; override_padding=&#8221;yes&#8221; h_padding=&#8221;5&#8243; top_padding=&#8221;3&#8243; bottom_padding=&#8221;2&#8243; overlay_alpha=&#8221;50&#8243; gutter_size=&#8221;3&#8243; column_width_percent=&#8221;100&#8243; shift_y=&#8221;0&#8243; z_index=&#8221;0&#8243;][vc_column width=&#8221;1\/4&#8243;][vc_single_image media=&#8221;842&#8243; media_width_percent=&#8221;80&#8243; shape=&#8221;img-circle&#8221; el_id=&#8221;avtorica_head&#8221;][\/vc_column][vc_column column_width_percent=&#8221;100&#8243; gutter_size=&#8221;2&#8243; override_padding=&#8221;yes&#8221; column_padding=&#8221;0&#8243; overlay_alpha=&#8221;50&#8243; shift_x=&#8221;0&#8243; shift_y=&#8221;0&#8243; shift_y_down=&#8221;0&#8243; z_index=&#8221;0&#8243; medium_width=&#8221;0&#8243; mobile_width=&#8221;0&#8243; width=&#8221;3\/4&#8243;][vc_column_text]<span style=\"color: #f49329; font-size: 32px; font-family: AlbraText-Bold;\">Mag. Sa\u0161ka Klemen\u010di\u010d<\/span><br \/>\nSTROKOVNJAKINJA<\/p>\n<p><span style=\"font-weight: 400;\">Mag. Sa\u0161ka Klemen\u010di\u010d je pedagoginja, u\u010diteljica za odrasle in izjemna trenerka, ki ti pomaga opaziti, zakaj se ti dogajajo stvari, ki ti kvarijo veselje do \u017eivljenja, in ti razpreti krila, da lahko poleti\u0161 tja, kamor \u017eeli\u0161 \u2013 najprej k sebi, nato pa v svet, na najbolj\u0161i \u0161tudij ali slu\u017ebo, pa tudi v njegov objem. Pomagala ti bo, da bo\u0161 zadovoljna s seboj taka, kot si, da bo\u0161 uspe\u0161na, priljubljena. Pogovarjali se bosta o ljubezni, o odnosih s star\u0161i, prijatelji. Pomagala ti bo odkriti, kdo si, kaj ho\u010de\u0161 in kako bo\u0161 to dosegla. \u010ce ima\u0161 vpra\u0161anje za Sa\u0161ko, ji pi\u0161i na <\/span><a href=\"mailto:info@punca.si\"><span style=\"font-weight: 400;\">info@punca.si<\/span><\/a><span style=\"font-weight: 400;\"> \u2013 Vpra\u0161anje za Sa\u0161ko. Vesela bo tvojih vpra\u0161anj &#x1f60a;<\/span><\/p>\n<p>Sledi ji na:[\/vc_column_text][vc_row_inner row_inner_height_percent=&#8221;0&#8243; overlay_alpha=&#8221;50&#8243; gutter_size=&#8221;0&#8243; shift_y=&#8221;0&#8243; z_index=&#8221;0&#8243; limit_content=&#8221;&#8221; css=&#8221;.vc_custom_1614158586645{padding-top: 0px !important;}&#8221;][vc_column_inner column_width_percent=&#8221;100&#8243; gutter_size=&#8221;0&#8243; override_padding=&#8221;yes&#8221; column_padding=&#8221;0&#8243; overlay_alpha=&#8221;50&#8243; shift_x=&#8221;0&#8243; shift_y=&#8221;0&#8243; shift_y_down=&#8221;0&#8243; z_index=&#8221;0&#8243; medium_width=&#8221;0&#8243; mobile_width=&#8221;0&#8243; width=&#8221;1\/1&#8243;][vc_icon display=&#8221;inline&#8221; icon=&#8221;fa fa-social-facebook&#8221; link=&#8221;url:https%3A%2F%2Fwww.facebook.com%2Fmag.saska.klemencic|target:_blank&#8221;][\/vc_icon][vc_icon display=&#8221;inline&#8221; icon=&#8221;fa fa-chain&#8221; link=&#8221;url:http%3A%2F%2Fwww.saskaklemencic.com%2Fo-saski%2F|target:_blank&#8221;][\/vc_icon][vc_empty_space empty_h=&#8221;1&#8243;][vc_button button_color=&#8221;color-150568&#8243; size=&#8221;btn-link&#8221; border_width=&#8221;0&#8243; link=&#8221;url:%23%2F|||&#8221; onclick=&#8221;var y = document.getElementById(&#8220;preberi_vec&#8220;); y.style.display = &#8220;none&#8220;; var x = document.getElementById(&#8220;preberi_vec&#8220;); if (x.style.display === &#8220;none&#8220;) { x.style.display = &#8220;block&#8220;; } else { x.style.display = &#8220;none&#8220;; }; document.activeElement.blur()&#8221;]PREBERI VE\u010c[\/vc_button][\/vc_column_inner][\/vc_row_inner][\/vc_column][\/vc_row][vc_row row_height_percent=&#8221;0&#8243; override_padding=&#8221;yes&#8221; h_padding=&#8221;5&#8243; top_padding=&#8221;0&#8243; bottom_padding=&#8221;2&#8243; overlay_alpha=&#8221;50&#8243; gutter_size=&#8221;3&#8243; column_width_percent=&#8221;100&#8243; shift_y=&#8221;0&#8243; z_index=&#8221;0&#8243; el_id=&#8221;preberi_vec&#8221;][vc_column width=&#8221;1\/1&#8243;][vc_column_text]<span style=\"color: #81b38a;\">V najstni\u0161kih letih sem bila nora na branje knjig in na ples. \u017divela sem za torke in \u010detrtke, ko sem imela plesne vaje, ter sobote, ko sem hodila na ples. Tam je bilo kar nekaj lu\u0161tnih fantov in seveda sem tam na\u0161la tudi svojo prvo ljubezen. Bila sem tako zaljubljena, da sem sli\u0161ala, kako trava raste. V\u010dasih mi je kaka so\u0161olka kaj govorila, jaz pa je sploh nisem sli\u0161ala, ker sem sanjarila o zmenku. Seveda vse skupaj ni trajalo dolgo, ker \u0161e nisem bila pripravljena na intimnost in me je moj 4 leta starej\u0161i fant pustil. To je bilo zame kot konec sveta. Bila sem prepri\u010dana, da nikoli ve\u010d ne bom na\u0161la fanta, ki bi mi bil tako v\u0161e\u010d kot on. Zlomljeno srce pa je bila izku\u0161nja, ki bi jo raje kar presko\u010dila. Najbolj zoprna so mi bila pogajanja s star\u0161i, kako dolgo lahko zve\u010der ostanem zunaj. Cele dneve sem premi\u0161ljevala, kaj naj oble\u010dem, da bom cool. Poleg tega pa sem se spra\u0161evala, kdo sem in kaj ho\u010dem v \u017eivljenju dose\u010di. Hotela sem biti \u010dim prej odrasla in svobodna, po drugi strani pa sem si \u0161e \u017eelela kak\u0161na modra navodila za odraslo \u017eivljenje. \u010ce bi takrat vedela vse to, kar vem danes, bi mi bilo veliko la\u017eje. Morda pa lahko s svojimi nasveti zdaj pomagam tebi, da se bo\u0161 la\u017eje zna\u0161la v svojih izzivih. Ve\u0161, postala sem to\u010dno to, o \u010demer sem sanjala: pedagoginja, u\u010diteljica za odrasle in trenerka.<\/span>[\/vc_column_text][\/vc_column][\/vc_row][vc_row unlock_row=&#8221;&#8221; row_height_percent=&#8221;0&#8243; override_padding=&#8221;yes&#8221; h_padding=&#8221;5&#8243; top_padding=&#8221;0&#8243; bottom_padding=&#8221;2&#8243; overlay_alpha=&#8221;50&#8243; gutter_size=&#8221;3&#8243; column_width_percent=&#8221;100&#8243; shift_y=&#8221;0&#8243; z_index=&#8221;0&#8243;][vc_column width=&#8221;1\/1&#8243;][vc_separator][\/vc_column][\/vc_row][vc_row row_height_percent=&#8221;0&#8243; override_padding=&#8221;yes&#8221; h_padding=&#8221;5&#8243; top_padding=&#8221;2&#8243; bottom_padding=&#8221;2&#8243; back_color=&#8221;color-xsdn&#8221; overlay_alpha=&#8221;100&#8243; gutter_size=&#8221;100&#8243; column_width_percent=&#8221;100&#8243; shift_y=&#8221;0&#8243; z_index=&#8221;0&#8243; style=&#8221;inherited&#8221;][vc_column column_width_percent=&#8221;100&#8243; position_horizontal=&#8221;left&#8221; gutter_size=&#8221;3&#8243; font_family=&#8221;PT Serif&#8221; overlay_alpha=&#8221;100&#8243; shift_x=&#8221;0&#8243; shift_y=&#8221;0&#8243; medium_width=&#8221;0&#8243; zoom_width=&#8221;0&#8243; zoom_height=&#8221;0&#8243; width=&#8221;1\/1&#8243;][uncode_index el_id=&#8221;index-17465098822&#8243; isotope_mode=&#8221;fitRows&#8221; loop=&#8221;size:12|order_by:date|post_type:post|authors:10|taxonomy_count:10&#8243; index_back_color=&#8221;color-xsdn&#8221; infinite=&#8221;yes&#8221; infinite_button=&#8221;yes&#8221; infinite_button_color=&#8221;color-150568&#8243; gutter_size=&#8221;2&#8243; post_items=&#8221;media|media|onpost|original,text|excerpt|70,icon|sm,title,sep-one|full,author|sm_size|hide_qualification&#8221; page_items=&#8221;title,media,text,category&#8221; product_items=&#8221;title,media,text,category,price&#8221; portfolio_items=&#8221;title,media,text,category&#8221; screen_lg=&#8221;800&#8243; screen_md=&#8221;600&#8243; screen_sm=&#8221;480&#8243; single_width=&#8221;3&#8243; images_size=&#8221;three-two&#8221; single_back_color=&#8221;color-xsdn&#8221; single_overlay_color=&#8221;color-374512&#8243; single_overlay_opacity=&#8221;50&#8243; single_padding=&#8221;1&#8243; single_title_dimension=&#8221;h5&#8243; single_border=&#8221;yes&#8221; single_css_animation=&#8221;bottom-t-top&#8221; single_animation_delay=&#8221;400&#8243; single_half_padding=&#8221;&#8221; single_title_uppercase=&#8221;&#8221; single_title_bold=&#8221;yes&#8221; single_title_serif=&#8221;&#8221; single_title_divider=&#8221;&#8221; single_no_background=&#8221;&#8221; footer_position=&#8221;left&#8221; carousel_rtl=&#8221;&#8221; single_icon=&#8221;fa fa-plus2&#8243; items=&#8221;eyIyNDg5X2kiOnsic2luZ2xlX3dpZHRoIjoiNiJ9fQ==&#8221; filtering_transform=&#8221;uppercase&#8221;][\/vc_column][\/vc_row][vc_row][vc_column width=&#8221;1\/1&#8243;][\/vc_column][\/vc_row]<\/p>\n","protected":false},"excerpt":{"rendered":"<p>[vc_row row_height_percent=&#8221;0&#8243; override_padding=&#8221;yes&#8221; h_padding=&#8221;5&#8243; top_padding=&#8221;3&#8243; bottom_padding=&#8221;2&#8243; overlay_alpha=&#8221;50&#8243; gutter_size=&#8221;3&#8243; column_width_percent=&#8221;100&#8243; shift_y=&#8221;0&#8243; z_index=&#8221;0&#8243;][vc_column width=&#8221;1\/4&#8243;][vc_single_image media=&#8221;842&#8243; media_width_percent=&#8221;80&#8243; shape=&#8221;img-circle&#8221; el_id=&#8221;avtorica_head&#8221;][\/vc_column][vc_column column_width_percent=&#8221;100&#8243; gutter_size=&#8221;2&#8243; override_padding=&#8221;yes&#8221; column_padding=&#8221;0&#8243; [&hellip;]<\/p>\n","protected":false},"author":1,"featured_media":0,"parent":0,"menu_order":0,"comment_status":"closed","ping_status":"closed","template":"","meta":{"_monsterinsights_skip_tracking":false,"_monsterinsights_sitenote_active":false,"_monsterinsights_sitenote_note":"","_monsterinsights_sitenote_category":0},"yoast_head":"<!-- This site is optimized with the Yoast SEO plugin v17.2.1 - https:\/\/yoast.com\/wordpress\/plugins\/seo\/ -->\n<title>mag. Sa\u0161ka Klemen\u010di\u010d - Punca.si<\/title>\n<meta name=\"robots\" content=\"index, follow, max-snippet:-1, max-image-preview:large, max-video-preview:-1\" \/>\n<link rel=\"canonical\" href=\"http:\/\/www.punca.si\/?page_id=912\" \/>\n<meta property=\"og:locale\" content=\"sl_SI\" \/>\n<meta property=\"og:type\" content=\"article\" \/>\n<meta property=\"og:title\" content=\"mag. Sa\u0161ka Klemen\u010di\u010d - Punca.si\" \/>\n<meta property=\"og:description\" content=\"[vc_row row_height_percent=&#8221;0&#8243; override_padding=&#8221;yes&#8221; h_padding=&#8221;5&#8243; top_padding=&#8221;3&#8243; bottom_padding=&#8221;2&#8243; overlay_alpha=&#8221;50&#8243; gutter_size=&#8221;3&#8243; column_width_percent=&#8221;100&#8243; shift_y=&#8221;0&#8243; z_index=&#8221;0&#8243;][vc_column width=&#8221;1\/4&#8243;][vc_single_image media=&#8221;842&#8243; media_width_percent=&#8221;80&#8243; shape=&#8221;img-circle&#8221; el_id=&#8221;avtorica_head&#8221;][\/vc_column][vc_column column_width_percent=&#8221;100&#8243; gutter_size=&#8221;2&#8243; override_padding=&#8221;yes&#8221; column_padding=&#8221;0&#8243; [&hellip;]\" \/>\n<meta property=\"og:url\" content=\"http:\/\/www.punca.si\/?page_id=912\" \/>\n<meta property=\"og:site_name\" content=\"Punca.si\" \/>\n<meta property=\"article:modified_time\" content=\"2021-04-21T12:07:55+00:00\" \/>\n<meta name=\"twitter:card\" content=\"summary_large_image\" \/>\n<meta name=\"twitter:label1\" content=\"Est. reading time\" \/>\n\t<meta name=\"twitter:data1\" content=\"5 minut\" \/>\n<script type=\"application\/ld+json\" class=\"yoast-schema-graph\">{\"@context\":\"https:\/\/schema.org\",\"@graph\":[{\"@type\":\"WebSite\",\"@id\":\"http:\/\/www.punca.si\/#website\",\"url\":\"http:\/\/www.punca.si\/\",\"name\":\"Punca.si\",\"description\":\"Samo zate!\",\"potentialAction\":[{\"@type\":\"SearchAction\",\"target\":{\"@type\":\"EntryPoint\",\"urlTemplate\":\"http:\/\/www.punca.si\/?s={search_term_string}\"},\"query-input\":\"required name=search_term_string\"}],\"inLanguage\":\"sl-SI\"},{\"@type\":\"WebPage\",\"@id\":\"http:\/\/www.punca.si\/?page_id=912#webpage\",\"url\":\"http:\/\/www.punca.si\/?page_id=912\",\"name\":\"mag. Sa\\u0161ka Klemen\\u010di\\u010d - Punca.si\",\"isPartOf\":{\"@id\":\"http:\/\/www.punca.si\/#website\"},\"datePublished\":\"2021-02-22T11:06:24+00:00\",\"dateModified\":\"2021-04-21T12:07:55+00:00\",\"breadcrumb\":{\"@id\":\"http:\/\/www.punca.si\/?page_id=912#breadcrumb\"},\"inLanguage\":\"sl-SI\",\"potentialAction\":[{\"@type\":\"ReadAction\",\"target\":[\"http:\/\/www.punca.si\/?page_id=912\"]}]},{\"@type\":\"BreadcrumbList\",\"@id\":\"http:\/\/www.punca.si\/?page_id=912#breadcrumb\",\"itemListElement\":[{\"@type\":\"ListItem\",\"position\":1,\"name\":\"Home\",\"item\":\"http:\/\/www.punca.si\/\"},{\"@type\":\"ListItem\",\"position\":2,\"name\":\"mag. Sa\\u0161ka Klemen\\u010di\\u010d\"}]}]}<\/script>\n<!-- \/ Yoast SEO plugin. -->","yoast_head_json":{"title":"mag. Sa\u0161ka Klemen\u010di\u010d - Punca.si","robots":{"index":"index","follow":"follow","max-snippet":"max-snippet:-1","max-image-preview":"max-image-preview:large","max-video-preview":"max-video-preview:-1"},"canonical":"http:\/\/www.punca.si\/?page_id=912","og_locale":"sl_SI","og_type":"article","og_title":"mag. Sa\u0161ka Klemen\u010di\u010d - Punca.si","og_description":"[vc_row row_height_percent=&#8221;0&#8243; override_padding=&#8221;yes&#8221; h_padding=&#8221;5&#8243; top_padding=&#8221;3&#8243; bottom_padding=&#8221;2&#8243; overlay_alpha=&#8221;50&#8243; gutter_size=&#8221;3&#8243; column_width_percent=&#8221;100&#8243; shift_y=&#8221;0&#8243; z_index=&#8221;0&#8243;][vc_column width=&#8221;1\/4&#8243;][vc_single_image media=&#8221;842&#8243; media_width_percent=&#8221;80&#8243; shape=&#8221;img-circle&#8221; el_id=&#8221;avtorica_head&#8221;][\/vc_column][vc_column column_width_percent=&#8221;100&#8243; gutter_size=&#8221;2&#8243; override_padding=&#8221;yes&#8221; column_padding=&#8221;0&#8243; [&hellip;]","og_url":"http:\/\/www.punca.si\/?page_id=912","og_site_name":"Punca.si","article_modified_time":"2021-04-21T12:07:55+00:00","twitter_card":"summary_large_image","twitter_misc":{"Est. reading time":"5 minut"},"schema":{"@context":"https:\/\/schema.org","@graph":[{"@type":"WebSite","@id":"http:\/\/www.punca.si\/#website","url":"http:\/\/www.punca.si\/","name":"Punca.si","description":"Samo zate!","potentialAction":[{"@type":"SearchAction","target":{"@type":"EntryPoint","urlTemplate":"http:\/\/www.punca.si\/?s={search_term_string}"},"query-input":"required name=search_term_string"}],"inLanguage":"sl-SI"},{"@type":"WebPage","@id":"http:\/\/www.punca.si\/?page_id=912#webpage","url":"http:\/\/www.punca.si\/?page_id=912","name":"mag. Sa\u0161ka Klemen\u010di\u010d - Punca.si","isPartOf":{"@id":"http:\/\/www.punca.si\/#website"},"datePublished":"2021-02-22T11:06:24+00:00","dateModified":"2021-04-21T12:07:55+00:00","breadcrumb":{"@id":"http:\/\/www.punca.si\/?page_id=912#breadcrumb"},"inLanguage":"sl-SI","potentialAction":[{"@type":"ReadAction","target":["http:\/\/www.punca.si\/?page_id=912"]}]},{"@type":"BreadcrumbList","@id":"http:\/\/www.punca.si\/?page_id=912#breadcrumb","itemListElement":[{"@type":"ListItem","position":1,"name":"Home","item":"http:\/\/www.punca.si\/"},{"@type":"ListItem","position":2,"name":"mag. Sa\u0161ka Klemen\u010di\u010d"}]}]}},"_links":{"self":[{"href":"http:\/\/www.punca.si\/index.php?rest_route=\/wp\/v2\/pages\/912"}],"collection":[{"href":"http:\/\/www.punca.si\/index.php?rest_route=\/wp\/v2\/pages"}],"about":[{"href":"http:\/\/www.punca.si\/index.php?rest_route=\/wp\/v2\/types\/page"}],"author":[{"embeddable":true,"href":"http:\/\/www.punca.si\/index.php?rest_route=\/wp\/v2\/users\/1"}],"replies":[{"embeddable":true,"href":"http:\/\/www.punca.si\/index.php?rest_route=%2Fwp%2Fv2%2Fcomments&post=912"}],"version-history":[{"count":20,"href":"http:\/\/www.punca.si\/index.php?rest_route=\/wp\/v2\/pages\/912\/revisions"}],"predecessor-version":[{"id":1151,"href":"http:\/\/www.punca.si\/index.php?rest_route=\/wp\/v2\/pages\/912\/revisions\/1151"}],"wp:attachment":[{"href":"http:\/\/www.punca.si\/index.php?rest_route=%2Fwp%2Fv2%2Fmedia&parent=912"}],"curies":[{"name":"wp","href":"https:\/\/api.w.org\/{rel}","templated":true}]}}