{"id":969,"date":"2021-02-25T12:58:25","date_gmt":"2021-02-25T12:58:25","guid":{"rendered":"http:\/\/www.punca.si\/?page_id=969"},"modified":"2021-04-21T12:05:04","modified_gmt":"2021-04-21T12:05:04","slug":"temp-anja-horvat-jeromel","status":"publish","type":"page","link":"http:\/\/www.punca.si\/?page_id=969","title":{"rendered":"Anja Horvat Jeromel"},"content":{"rendered":"<p>[vc_row row_height_percent=&#8221;0&#8243; override_padding=&#8221;yes&#8221; h_padding=&#8221;5&#8243; top_padding=&#8221;3&#8243; bottom_padding=&#8221;2&#8243; overlay_alpha=&#8221;50&#8243; gutter_size=&#8221;3&#8243; column_width_percent=&#8221;100&#8243; shift_y=&#8221;0&#8243; z_index=&#8221;0&#8243;][vc_column width=&#8221;1\/4&#8243;][vc_single_image media=&#8221;836&#8243; media_width_percent=&#8221;80&#8243; shape=&#8221;img-circle&#8221; el_id=&#8221;avtorica_head&#8221;][\/vc_column][vc_column column_width_percent=&#8221;100&#8243; gutter_size=&#8221;2&#8243; override_padding=&#8221;yes&#8221; column_padding=&#8221;0&#8243; overlay_alpha=&#8221;50&#8243; shift_x=&#8221;0&#8243; shift_y=&#8221;0&#8243; shift_y_down=&#8221;0&#8243; z_index=&#8221;0&#8243; medium_width=&#8221;0&#8243; mobile_width=&#8221;0&#8243; width=&#8221;3\/4&#8243;][vc_column_text]<span style=\"color: #f49329; font-size: 32px; font-family: AlbraText-Bold;\">Anja Horvat Jeromel<\/span><br \/>\nSTROKOVNJAKINJA<\/p>\n<p>Anja Horvat Jeromel je pisateljica, predavateljica, organizatorka dogodkov, svetovalka za promocijo, urednica portala Ekologicen.si in bloga AnjaHorvatJeromel.com. Zanima jo \u017eivljenje na najvi\u0161ji mo\u017eni stopnji, zato raziskuje zdrav na\u010din \u017eivljenja, percepcijo, zavest, komunikacijo, propagando. \u010ce \u017eeli\u0161 tudi ti za\u017eiveti ustvarjalno, inovativno, u\u017eiva\u0161ko in v skladu z naravnimi zakonitostmi, potem je Anja Horvat Jeromel pravi naslov \u2013 pi\u0161i ji kaj te zanima na <a href=\"mailto:info@punca.si\">info@punca.si<\/a>, za Anjo. Odklenila bo tvoje \u010darovni\u0161ke sposobnosti, ki ti bodo pomagale negativno energijo pretvoriti v pozitivno in uresni\u010diti sanje.<\/p>\n<p>Sledi ji na:[\/vc_column_text][vc_row_inner row_inner_height_percent=&#8221;0&#8243; overlay_alpha=&#8221;50&#8243; gutter_size=&#8221;0&#8243; shift_y=&#8221;0&#8243; z_index=&#8221;0&#8243; limit_content=&#8221;&#8221; css=&#8221;.vc_custom_1614158586645{padding-top: 0px !important;}&#8221;][vc_column_inner column_width_percent=&#8221;100&#8243; gutter_size=&#8221;0&#8243; override_padding=&#8221;yes&#8221; column_padding=&#8221;0&#8243; overlay_alpha=&#8221;50&#8243; shift_x=&#8221;0&#8243; shift_y=&#8221;0&#8243; shift_y_down=&#8221;0&#8243; z_index=&#8221;0&#8243; medium_width=&#8221;0&#8243; mobile_width=&#8221;0&#8243; width=&#8221;1\/1&#8243;][vc_icon display=&#8221;inline&#8221; icon=&#8221;fa fa-chain&#8221; link=&#8221;url:http%3A%2F%2Fanjahorvatjeromel.com%2F|target:_blank&#8221;][\/vc_icon][vc_icon display=&#8221;inline&#8221; icon=&#8221;fa fa-social-facebook&#8221; link=&#8221;url:http%3A%2F%2Fwww.facebook.com%2Fanjajeromel%2F|target:_blank&#8221;][\/vc_icon][vc_icon display=&#8221;inline&#8221; icon=&#8221;fa fa-instagram&#8221; link=&#8221;url:http%3A%2F%2Fwww.instagram.com%2Fanjahorvatjeromel%2F|target:_blank&#8221;][\/vc_icon][vc_empty_space empty_h=&#8221;1&#8243;][vc_button button_color=&#8221;color-150568&#8243; size=&#8221;btn-link&#8221; border_width=&#8221;0&#8243; link=&#8221;url:%23%2F|||&#8221; onclick=&#8221;var y = document.getElementById(&#8220;preberi_vec&#8220;); y.style.display = &#8220;none&#8220;; var x = document.getElementById(&#8220;preberi_vec&#8220;); if (x.style.display === &#8220;none&#8220;) { x.style.display = &#8220;block&#8220;; } else { x.style.display = &#8220;none&#8220;; }; document.activeElement.blur()&#8221;]PREBERI VE\u010c[\/vc_button][\/vc_column_inner][\/vc_row_inner][\/vc_column][\/vc_row][vc_row row_height_percent=&#8221;0&#8243; override_padding=&#8221;yes&#8221; h_padding=&#8221;5&#8243; top_padding=&#8221;0&#8243; bottom_padding=&#8221;2&#8243; overlay_alpha=&#8221;50&#8243; gutter_size=&#8221;3&#8243; column_width_percent=&#8221;100&#8243; shift_y=&#8221;0&#8243; z_index=&#8221;0&#8243; el_id=&#8221;preberi_vec&#8221;][vc_column width=&#8221;1\/1&#8243;][vc_column_text]<span style=\"color: #81b38a;\">Pot do mojega svobodnega, od\u0161tekanega \u017eivljenjskega sloga je vodila skozi veliko trnja. V najzgodnej\u0161em otro\u0161tvu me je zaznamovalo nekaj te\u017ekih in krutih izku\u0161enj. Nisem se mogla znebiti ob\u010dutka, da sem druga\u010dna od ostalih. Moji dnevniki v najstni\u0161tvu so bili zato polni jeze, razo\u010daranj in \u017ealosti (nad svetom, mojimi prijatelji in predvsem nad sabo). V srednji \u0161oli in na faksu sem ogromno prejokala in si \u017eelela, da bi bila brez \u010dustev. Pogosto sem se poigravala tudi z mislijo, da bi rada \u010dim prej zapustila ta planet. Nikakor nisem mogla najti pravega fanta in vzpostaviti resne zveze. Svojo \u017ealost in nezadovoljstvo sem bla\u017eila z neskon\u010dnimi zabavami, \u010dokolado in sladicami, ustvarjanjem, potepanji, klepetanjem s prijatelji, prebiranji psiholo\u0161kih in filozofskih knjig, kratkotrajnimi avanturami ter tarnanjem v svoj dnevnik. V resnici sem ves \u010das be\u017eala (od sebe in drugih). Nisem si mislila, da bo ravno odkritje presnih sladic in zdravih jedi tista pot, ki me bo vodila k re\u0161itvi same sebe, k sre\u010di, veselju in k popolnoma novemu, lep\u0161emu \u017eivljenju. \u010ce \u017eeli\u0161 tudi ti izbojevati svojo borbo in dokon\u010dno za\u017eiveti po svoje, ustvarjalno, svobodno, u\u017eiva\u0161ko, energi\u010dno in v skladu z naravnimi zakonitostmi, bom vesela, \u010de se mi pridru\u017ei\u0161 na poti. Ve\u010d o meni najde\u0161 na FB: IG: www.ekologicen.si, anjahorvatjeromel.si. Za vpra\u0161anja, ki te mu\u010dijo, mi pi\u0161i na info@punca.si. Pomagala ti bom odkleniti tvoje \u010darovni\u0161ke sposobnosti, ki ti bodo pomagale vse negativno pretvoriti v pozitivno in uresni\u010diti tvoje sanje. Pomagala ti bom reprogramirati tvoja omejujo\u010da prepri\u010danja v spodbudna, osvojiti meditacijo, svoje mo\u017egane nahraniti z zdravo informacijsko dieto, za\u010deti inovativno in vizionarsko razmi\u0161ljati, aktivirati svoj polni potencial, nadgraditi samo sebe, z lahkoto osvojiti zdrave navade, u\u017eivati v zdravih jedeh, zdravih sladicah, se razvajati z doma\u010do kozmetiko, se pozdraviti z zeli\u0161\u010dnimi zdravilnimi recepturami, krepiti svoje \u010darovni\u0161ke mo\u010di s \u010darovni\u0161kimi rituali&#8230;<\/span>[\/vc_column_text][\/vc_column][\/vc_row][vc_row unlock_row=&#8221;&#8221; row_height_percent=&#8221;0&#8243; override_padding=&#8221;yes&#8221; h_padding=&#8221;5&#8243; top_padding=&#8221;0&#8243; bottom_padding=&#8221;2&#8243; overlay_alpha=&#8221;50&#8243; gutter_size=&#8221;3&#8243; column_width_percent=&#8221;100&#8243; shift_y=&#8221;0&#8243; z_index=&#8221;0&#8243;][vc_column width=&#8221;1\/1&#8243;][vc_separator][\/vc_column][\/vc_row][vc_row row_height_percent=&#8221;0&#8243; override_padding=&#8221;yes&#8221; h_padding=&#8221;5&#8243; top_padding=&#8221;2&#8243; bottom_padding=&#8221;2&#8243; back_color=&#8221;color-xsdn&#8221; overlay_alpha=&#8221;100&#8243; gutter_size=&#8221;100&#8243; column_width_percent=&#8221;100&#8243; shift_y=&#8221;0&#8243; z_index=&#8221;0&#8243; style=&#8221;inherited&#8221;][vc_column column_width_percent=&#8221;100&#8243; position_horizontal=&#8221;left&#8221; gutter_size=&#8221;3&#8243; font_family=&#8221;PT Serif&#8221; overlay_alpha=&#8221;100&#8243; shift_x=&#8221;0&#8243; shift_y=&#8221;0&#8243; medium_width=&#8221;0&#8243; zoom_width=&#8221;0&#8243; zoom_height=&#8221;0&#8243; width=&#8221;1\/1&#8243;][uncode_index el_id=&#8221;index-17465098822&#8243; isotope_mode=&#8221;fitRows&#8221; loop=&#8221;size:12|order_by:date|post_type:post|authors:6|taxonomy_count:10&#8243; index_back_color=&#8221;color-xsdn&#8221; infinite=&#8221;yes&#8221; infinite_button=&#8221;yes&#8221; infinite_button_color=&#8221;color-150568&#8243; gutter_size=&#8221;2&#8243; post_items=&#8221;media|media|onpost|original,text|excerpt|70,icon|sm,title,sep-one|full,author|sm_size|hide_qualification&#8221; page_items=&#8221;title,media,text,category&#8221; product_items=&#8221;title,media,text,category,price&#8221; portfolio_items=&#8221;title,media,text,category&#8221; screen_lg=&#8221;800&#8243; screen_md=&#8221;600&#8243; screen_sm=&#8221;480&#8243; single_width=&#8221;3&#8243; images_size=&#8221;three-two&#8221; single_back_color=&#8221;color-xsdn&#8221; single_overlay_color=&#8221;color-374512&#8243; single_overlay_opacity=&#8221;50&#8243; single_padding=&#8221;1&#8243; single_title_dimension=&#8221;h5&#8243; single_border=&#8221;yes&#8221; single_css_animation=&#8221;bottom-t-top&#8221; single_animation_delay=&#8221;400&#8243; single_half_padding=&#8221;&#8221; single_title_uppercase=&#8221;&#8221; single_title_bold=&#8221;yes&#8221; single_title_serif=&#8221;&#8221; single_title_divider=&#8221;&#8221; single_no_background=&#8221;&#8221; footer_position=&#8221;left&#8221; carousel_rtl=&#8221;&#8221; single_icon=&#8221;fa fa-plus2&#8243; items=&#8221;eyIyNDg5X2kiOnsic2luZ2xlX3dpZHRoIjoiNiJ9fQ==&#8221; filtering_transform=&#8221;uppercase&#8221;][\/vc_column][\/vc_row][vc_row][vc_column width=&#8221;1\/1&#8243;][\/vc_column][\/vc_row]<\/p>\n","protected":false},"excerpt":{"rendered":"<p>[vc_row row_height_percent=&#8221;0&#8243; override_padding=&#8221;yes&#8221; h_padding=&#8221;5&#8243; top_padding=&#8221;3&#8243; bottom_padding=&#8221;2&#8243; overlay_alpha=&#8221;50&#8243; gutter_size=&#8221;3&#8243; column_width_percent=&#8221;100&#8243; shift_y=&#8221;0&#8243; z_index=&#8221;0&#8243;][vc_column width=&#8221;1\/4&#8243;][vc_single_image media=&#8221;836&#8243; media_width_percent=&#8221;80&#8243; shape=&#8221;img-circle&#8221; el_id=&#8221;avtorica_head&#8221;][\/vc_column][vc_column column_width_percent=&#8221;100&#8243; gutter_size=&#8221;2&#8243; override_padding=&#8221;yes&#8221; column_padding=&#8221;0&#8243; [&hellip;]<\/p>\n","protected":false},"author":1,"featured_media":0,"parent":0,"menu_order":0,"comment_status":"closed","ping_status":"closed","template":"","meta":{"_monsterinsights_skip_tracking":false,"_monsterinsights_sitenote_active":false,"_monsterinsights_sitenote_note":"","_monsterinsights_sitenote_category":0},"yoast_head":"<!-- This site is optimized with the Yoast SEO plugin v17.2.1 - https:\/\/yoast.com\/wordpress\/plugins\/seo\/ -->\n<title>Anja Horvat Jeromel - Punca.si<\/title>\n<meta name=\"robots\" content=\"index, follow, max-snippet:-1, max-image-preview:large, max-video-preview:-1\" \/>\n<link rel=\"canonical\" href=\"http:\/\/www.punca.si\/?page_id=969\" \/>\n<meta property=\"og:locale\" content=\"sl_SI\" \/>\n<meta property=\"og:type\" content=\"article\" \/>\n<meta property=\"og:title\" content=\"Anja Horvat Jeromel - Punca.si\" \/>\n<meta property=\"og:description\" content=\"[vc_row row_height_percent=&#8221;0&#8243; override_padding=&#8221;yes&#8221; h_padding=&#8221;5&#8243; top_padding=&#8221;3&#8243; bottom_padding=&#8221;2&#8243; overlay_alpha=&#8221;50&#8243; gutter_size=&#8221;3&#8243; column_width_percent=&#8221;100&#8243; shift_y=&#8221;0&#8243; z_index=&#8221;0&#8243;][vc_column width=&#8221;1\/4&#8243;][vc_single_image media=&#8221;836&#8243; media_width_percent=&#8221;80&#8243; shape=&#8221;img-circle&#8221; el_id=&#8221;avtorica_head&#8221;][\/vc_column][vc_column column_width_percent=&#8221;100&#8243; gutter_size=&#8221;2&#8243; override_padding=&#8221;yes&#8221; column_padding=&#8221;0&#8243; [&hellip;]\" \/>\n<meta property=\"og:url\" content=\"http:\/\/www.punca.si\/?page_id=969\" \/>\n<meta property=\"og:site_name\" content=\"Punca.si\" \/>\n<meta property=\"article:modified_time\" content=\"2021-04-21T12:05:04+00:00\" \/>\n<meta name=\"twitter:card\" content=\"summary_large_image\" \/>\n<meta name=\"twitter:label1\" content=\"Est. reading time\" \/>\n\t<meta name=\"twitter:data1\" content=\"5 minut\" \/>\n<script type=\"application\/ld+json\" class=\"yoast-schema-graph\">{\"@context\":\"https:\/\/schema.org\",\"@graph\":[{\"@type\":\"WebSite\",\"@id\":\"http:\/\/www.punca.si\/#website\",\"url\":\"http:\/\/www.punca.si\/\",\"name\":\"Punca.si\",\"description\":\"Samo zate!\",\"potentialAction\":[{\"@type\":\"SearchAction\",\"target\":{\"@type\":\"EntryPoint\",\"urlTemplate\":\"http:\/\/www.punca.si\/?s={search_term_string}\"},\"query-input\":\"required name=search_term_string\"}],\"inLanguage\":\"sl-SI\"},{\"@type\":\"WebPage\",\"@id\":\"http:\/\/www.punca.si\/?page_id=969#webpage\",\"url\":\"http:\/\/www.punca.si\/?page_id=969\",\"name\":\"Anja Horvat Jeromel - Punca.si\",\"isPartOf\":{\"@id\":\"http:\/\/www.punca.si\/#website\"},\"datePublished\":\"2021-02-25T12:58:25+00:00\",\"dateModified\":\"2021-04-21T12:05:04+00:00\",\"breadcrumb\":{\"@id\":\"http:\/\/www.punca.si\/?page_id=969#breadcrumb\"},\"inLanguage\":\"sl-SI\",\"potentialAction\":[{\"@type\":\"ReadAction\",\"target\":[\"http:\/\/www.punca.si\/?page_id=969\"]}]},{\"@type\":\"BreadcrumbList\",\"@id\":\"http:\/\/www.punca.si\/?page_id=969#breadcrumb\",\"itemListElement\":[{\"@type\":\"ListItem\",\"position\":1,\"name\":\"Home\",\"item\":\"http:\/\/www.punca.si\/\"},{\"@type\":\"ListItem\",\"position\":2,\"name\":\"Anja Horvat Jeromel\"}]}]}<\/script>\n<!-- \/ Yoast SEO plugin. -->","yoast_head_json":{"title":"Anja Horvat Jeromel - Punca.si","robots":{"index":"index","follow":"follow","max-snippet":"max-snippet:-1","max-image-preview":"max-image-preview:large","max-video-preview":"max-video-preview:-1"},"canonical":"http:\/\/www.punca.si\/?page_id=969","og_locale":"sl_SI","og_type":"article","og_title":"Anja Horvat Jeromel - Punca.si","og_description":"[vc_row row_height_percent=&#8221;0&#8243; override_padding=&#8221;yes&#8221; h_padding=&#8221;5&#8243; top_padding=&#8221;3&#8243; bottom_padding=&#8221;2&#8243; overlay_alpha=&#8221;50&#8243; gutter_size=&#8221;3&#8243; column_width_percent=&#8221;100&#8243; shift_y=&#8221;0&#8243; z_index=&#8221;0&#8243;][vc_column width=&#8221;1\/4&#8243;][vc_single_image media=&#8221;836&#8243; media_width_percent=&#8221;80&#8243; shape=&#8221;img-circle&#8221; el_id=&#8221;avtorica_head&#8221;][\/vc_column][vc_column column_width_percent=&#8221;100&#8243; gutter_size=&#8221;2&#8243; override_padding=&#8221;yes&#8221; column_padding=&#8221;0&#8243; [&hellip;]","og_url":"http:\/\/www.punca.si\/?page_id=969","og_site_name":"Punca.si","article_modified_time":"2021-04-21T12:05:04+00:00","twitter_card":"summary_large_image","twitter_misc":{"Est. reading time":"5 minut"},"schema":{"@context":"https:\/\/schema.org","@graph":[{"@type":"WebSite","@id":"http:\/\/www.punca.si\/#website","url":"http:\/\/www.punca.si\/","name":"Punca.si","description":"Samo zate!","potentialAction":[{"@type":"SearchAction","target":{"@type":"EntryPoint","urlTemplate":"http:\/\/www.punca.si\/?s={search_term_string}"},"query-input":"required name=search_term_string"}],"inLanguage":"sl-SI"},{"@type":"WebPage","@id":"http:\/\/www.punca.si\/?page_id=969#webpage","url":"http:\/\/www.punca.si\/?page_id=969","name":"Anja Horvat Jeromel - Punca.si","isPartOf":{"@id":"http:\/\/www.punca.si\/#website"},"datePublished":"2021-02-25T12:58:25+00:00","dateModified":"2021-04-21T12:05:04+00:00","breadcrumb":{"@id":"http:\/\/www.punca.si\/?page_id=969#breadcrumb"},"inLanguage":"sl-SI","potentialAction":[{"@type":"ReadAction","target":["http:\/\/www.punca.si\/?page_id=969"]}]},{"@type":"BreadcrumbList","@id":"http:\/\/www.punca.si\/?page_id=969#breadcrumb","itemListElement":[{"@type":"ListItem","position":1,"name":"Home","item":"http:\/\/www.punca.si\/"},{"@type":"ListItem","position":2,"name":"Anja Horvat Jeromel"}]}]}},"_links":{"self":[{"href":"http:\/\/www.punca.si\/index.php?rest_route=\/wp\/v2\/pages\/969"}],"collection":[{"href":"http:\/\/www.punca.si\/index.php?rest_route=\/wp\/v2\/pages"}],"about":[{"href":"http:\/\/www.punca.si\/index.php?rest_route=\/wp\/v2\/types\/page"}],"author":[{"embeddable":true,"href":"http:\/\/www.punca.si\/index.php?rest_route=\/wp\/v2\/users\/1"}],"replies":[{"embeddable":true,"href":"http:\/\/www.punca.si\/index.php?rest_route=%2Fwp%2Fv2%2Fcomments&post=969"}],"version-history":[{"count":10,"href":"http:\/\/www.punca.si\/index.php?rest_route=\/wp\/v2\/pages\/969\/revisions"}],"predecessor-version":[{"id":1146,"href":"http:\/\/www.punca.si\/index.php?rest_route=\/wp\/v2\/pages\/969\/revisions\/1146"}],"wp:attachment":[{"href":"http:\/\/www.punca.si\/index.php?rest_route=%2Fwp%2Fv2%2Fmedia&parent=969"}],"curies":[{"name":"wp","href":"https:\/\/api.w.org\/{rel}","templated":true}]}}