{"id":983,"date":"2021-02-25T13:46:15","date_gmt":"2021-02-25T13:46:15","guid":{"rendered":"http:\/\/www.punca.si\/?page_id=983"},"modified":"2021-04-21T12:06:51","modified_gmt":"2021-04-21T12:06:51","slug":"temp-dr-lucija-cevnik","status":"publish","type":"page","link":"http:\/\/www.punca.si\/?page_id=983","title":{"rendered":"Dr. Lucija \u010cevnik"},"content":{"rendered":"<p>[vc_row row_height_percent=&#8221;0&#8243; override_padding=&#8221;yes&#8221; h_padding=&#8221;5&#8243; top_padding=&#8221;3&#8243; bottom_padding=&#8221;2&#8243; overlay_alpha=&#8221;50&#8243; gutter_size=&#8221;3&#8243; column_width_percent=&#8221;100&#8243; shift_y=&#8221;0&#8243; z_index=&#8221;0&#8243;][vc_column width=&#8221;1\/4&#8243;][vc_single_image media=&#8221;834&#8243; media_width_percent=&#8221;80&#8243; shape=&#8221;img-circle&#8221; el_id=&#8221;avtorica_head&#8221;][\/vc_column][vc_column column_width_percent=&#8221;100&#8243; gutter_size=&#8221;2&#8243; override_padding=&#8221;yes&#8221; column_padding=&#8221;0&#8243; overlay_alpha=&#8221;50&#8243; shift_x=&#8221;0&#8243; shift_y=&#8221;0&#8243; shift_y_down=&#8221;0&#8243; z_index=&#8221;0&#8243; medium_width=&#8221;0&#8243; mobile_width=&#8221;0&#8243; width=&#8221;3\/4&#8243;][vc_column_text]<span style=\"color: #f49329; font-size: 32px; font-family: AlbraText-Bold;\">Dr. Lucija \u010cevnik<\/span><br \/>\nSTROKOVNJAKINJA<\/p>\n<p><span style=\"font-weight: 400;\">Lucija je doktorica sociologije, profesorica, specializantka lacanovske psihoanalize, podjetnica, publicistka, mentorica in svetovalka, ki u\u010di razvijati pozitivno samopodobo, zdrav odnos do lastnega telesa in pomaga re\u0161evati konfliktne odnose med generacijami star\u0161ev in mladostnikov. Svetuje pri bole\u010dem soo\u010danju z globinami notranjih strahov, ki nam ves \u010das tiho pri\u0161epetavajo, da tak\u0161ni kot smo, nismo dovolj dobri, dovolj lepi, dovolj pametni, in navdihuje, ko nas preplavi sram in izgubimo ljubezen ter so\u010dutje do lastnega odseva v ogledalu.<\/span><\/p>\n<p>Sledi ji na:[\/vc_column_text][vc_row_inner row_inner_height_percent=&#8221;0&#8243; overlay_alpha=&#8221;50&#8243; gutter_size=&#8221;0&#8243; shift_y=&#8221;0&#8243; z_index=&#8221;0&#8243; limit_content=&#8221;&#8221; css=&#8221;.vc_custom_1614158586645{padding-top: 0px !important;}&#8221;][vc_column_inner column_width_percent=&#8221;100&#8243; gutter_size=&#8221;0&#8243; override_padding=&#8221;yes&#8221; column_padding=&#8221;0&#8243; overlay_alpha=&#8221;50&#8243; shift_x=&#8221;0&#8243; shift_y=&#8221;0&#8243; shift_y_down=&#8221;0&#8243; z_index=&#8221;0&#8243; medium_width=&#8221;0&#8243; mobile_width=&#8221;0&#8243; width=&#8221;1\/1&#8243;][vc_icon display=&#8221;inline&#8221; icon=&#8221;fa fa-chain&#8221; link=&#8221;url:http%3A%2F%2Flucijacevnik.si%2Fkdo-sem%2F|target:_blank&#8221;][\/vc_icon][vc_icon display=&#8221;inline&#8221; icon=&#8221;fa fa-social-facebook&#8221; link=&#8221;url:https%3A%2F%2Fwww.facebook.com%2Fdrcevnik%2F|target:_blank&#8221;][\/vc_icon][vc_icon display=&#8221;inline&#8221; icon=&#8221;fa fa-instagram&#8221; link=&#8221;url:https%3A%2F%2Fwww.instagram.com%2Flucijacevnik%2F|target:_blank&#8221;][\/vc_icon][vc_empty_space empty_h=&#8221;1&#8243;][vc_button button_color=&#8221;color-150568&#8243; size=&#8221;btn-link&#8221; border_width=&#8221;0&#8243; link=&#8221;url:%23%2F|||&#8221; onclick=&#8221;var y = document.getElementById(&#8220;preberi_vec&#8220;); y.style.display = &#8220;none&#8220;; var x = document.getElementById(&#8220;preberi_vec&#8220;); if (x.style.display === &#8220;none&#8220;) { x.style.display = &#8220;block&#8220;; } else { x.style.display = &#8220;none&#8220;; }; document.activeElement.blur()&#8221;]PREBERI VE\u010c[\/vc_button][\/vc_column_inner][\/vc_row_inner][\/vc_column][\/vc_row][vc_row row_height_percent=&#8221;0&#8243; override_padding=&#8221;yes&#8221; h_padding=&#8221;5&#8243; top_padding=&#8221;0&#8243; bottom_padding=&#8221;2&#8243; overlay_alpha=&#8221;50&#8243; gutter_size=&#8221;3&#8243; column_width_percent=&#8221;100&#8243; shift_y=&#8221;0&#8243; z_index=&#8221;0&#8243; el_id=&#8221;preberi_vec&#8221;][vc_column width=&#8221;1\/1&#8243;][vc_column_text]<span style=\"color: #81b38a;\">Ah ja, \u010dudni so spomini na moja najstni\u0161ka leta, ko sem iz zadovljne deklice nenadoma zrasla v nesigurno najstnico. Nezadovoljstvo s ko\u017eo. Tu en mozolj, tam drugi. Kon\u010dno se je ko\u017ea s\u010distila, pa sem spozabila s \u010dokolado. In spet smo tam! Pred ogledalom, kajpada! Uh, kako me je to utrujalo in \u017eivciralo. Spomnim se ob\u010dutka, vsesplo\u0161nega nelagodja, povezanega z lastnim telesom, ko mi je \u0161el na jetra prav vsak organ posebej. Pa pora\u0161\u010denost in vse neprijetnosti depiliranja. Groza! Ob\u010dutek, da so vse lep\u0161e in bolj\u0161e ali pa vsaj nimajo tako \u00bbzapletenega\u00ab \u017eivljenja, kot sem takrat sama mislila, da ga imam. Pa nerazumljenost, ko sem bila prepri\u010dana, da je ves svet proti meni in tista vsakodnevna negodovanja: \u00bbPa zakaj se to ravno meni dogaja?!\u00ab<br \/>\nS star\u0161i res nikoli nisem imela ve\u010djih nesoglasij. No, vsaj ne tak\u0161nih kot ve\u010dina mojih prijateljic, ki so bile s &#8216;ta starimi&#8217; vselej na bojni nogi. Zelo sta mi zaupala in to njuno zaupanje sem zelo skrbno in odgovorno varovala. Vselej sta imela posluh in razumevanje za vse moje &#8216;ustvarjalne pristope in ideje&#8217;. Tudi za, ojoj, \u0161tevilne poskuse izstopanja z nenavadnimi modnimi in frizerskimi eksperimenti. V srcu vsake najstnice gori \u017eelja: biti videna, biti druga\u010dna. Eksperimentiranje s stili, modo, plesom, glasbo, z vsem, kar je druga\u010dno, nenavadno in na robu sprejemljivega. Tako sem se iskala in poiskala ter na koncu spoznala, da je najbolj ok in najbolj in, \u010de sem preprosto taka, kot pa\u010d sem. 100-odstotna jaz. Pure. Clean. And self-loved.<br \/>\nDanes sem tukaj, da ponudim svojo roko. Mladim in njihovim star\u0161em. Tudi tebi, draga punca. Tukaj sem, da ti pomagam spet vstati, ko pade\u0161, pozabi\u0161 nase, izgubi\u0161 smisel in misli\u0161, da si nevredna. Prijazno te opomnim, da je ljubezen do sebe neprecenljiva in edina ljubezen, ki nikoli ne sme ugasniti. Da si vredna, da si lepa in bolj bogata, kot misli\u0161, da si! Ho\u010dem, da v zrcalu ugleda\u0161 odsev, ki te bo navdu\u0161eval in ne pla\u0161il. \u017delim, da se vzljubi\u0161! \u010ce ima\u0161 vpra\u0161anje zame, mi zato brez spra\u0161evanj pi\u0161i na <a style=\"color: #81b38a;\" href=\"mailto:info@punca.si\"><span style=\"font-weight: 400;\">info@punca.si<\/span><\/a>, za Lucijo. Vesela bom tvojih pisem. Bi rada izvedela ve\u010d o meni? Klikni sem: <a style=\"color: #81b38a;\" href=\"http:\/\/lucijacevnik.si\/\" target=\"_blank\" rel=\"noopener\">lucijacevnik.si<\/a>.<\/span>[\/vc_column_text][\/vc_column][\/vc_row][vc_row unlock_row=&#8221;&#8221; row_height_percent=&#8221;0&#8243; override_padding=&#8221;yes&#8221; h_padding=&#8221;5&#8243; top_padding=&#8221;0&#8243; bottom_padding=&#8221;2&#8243; overlay_alpha=&#8221;50&#8243; gutter_size=&#8221;3&#8243; column_width_percent=&#8221;100&#8243; shift_y=&#8221;0&#8243; z_index=&#8221;0&#8243;][vc_column width=&#8221;1\/1&#8243;][vc_separator][\/vc_column][\/vc_row][vc_row row_height_percent=&#8221;0&#8243; override_padding=&#8221;yes&#8221; h_padding=&#8221;5&#8243; top_padding=&#8221;2&#8243; bottom_padding=&#8221;2&#8243; back_color=&#8221;color-xsdn&#8221; overlay_alpha=&#8221;100&#8243; gutter_size=&#8221;100&#8243; column_width_percent=&#8221;100&#8243; shift_y=&#8221;0&#8243; z_index=&#8221;0&#8243; style=&#8221;inherited&#8221;][vc_column column_width_percent=&#8221;100&#8243; position_horizontal=&#8221;left&#8221; gutter_size=&#8221;3&#8243; font_family=&#8221;PT Serif&#8221; overlay_alpha=&#8221;100&#8243; shift_x=&#8221;0&#8243; shift_y=&#8221;0&#8243; medium_width=&#8221;0&#8243; zoom_width=&#8221;0&#8243; zoom_height=&#8221;0&#8243; width=&#8221;1\/1&#8243;][uncode_index el_id=&#8221;index-17465098822&#8243; isotope_mode=&#8221;fitRows&#8221; loop=&#8221;size:12|order_by:date|post_type:post|authors:7|taxonomy_count:10&#8243; index_back_color=&#8221;color-xsdn&#8221; infinite=&#8221;yes&#8221; infinite_button=&#8221;yes&#8221; infinite_button_color=&#8221;color-150568&#8243; gutter_size=&#8221;2&#8243; post_items=&#8221;media|media|onpost|original,text|excerpt|70,icon|sm,title,sep-one|full,author|sm_size|hide_qualification&#8221; page_items=&#8221;title,media,text,category&#8221; product_items=&#8221;title,media,text,category,price&#8221; portfolio_items=&#8221;title,media,text,category&#8221; screen_lg=&#8221;800&#8243; screen_md=&#8221;600&#8243; screen_sm=&#8221;480&#8243; single_width=&#8221;3&#8243; images_size=&#8221;three-two&#8221; single_back_color=&#8221;color-xsdn&#8221; single_overlay_color=&#8221;color-374512&#8243; single_overlay_opacity=&#8221;50&#8243; single_padding=&#8221;1&#8243; single_title_dimension=&#8221;h5&#8243; single_border=&#8221;yes&#8221; single_css_animation=&#8221;bottom-t-top&#8221; single_animation_delay=&#8221;400&#8243; single_half_padding=&#8221;&#8221; single_title_uppercase=&#8221;&#8221; single_title_bold=&#8221;yes&#8221; single_title_serif=&#8221;&#8221; single_title_divider=&#8221;&#8221; single_no_background=&#8221;&#8221; footer_position=&#8221;left&#8221; carousel_rtl=&#8221;&#8221; single_icon=&#8221;fa fa-plus2&#8243; items=&#8221;eyIyNDg5X2kiOnsic2luZ2xlX3dpZHRoIjoiNiJ9fQ==&#8221; filtering_transform=&#8221;uppercase&#8221;][\/vc_column][\/vc_row][vc_row][vc_column width=&#8221;1\/1&#8243;][\/vc_column][\/vc_row]<\/p>\n","protected":false},"excerpt":{"rendered":"<p>[vc_row row_height_percent=&#8221;0&#8243; override_padding=&#8221;yes&#8221; h_padding=&#8221;5&#8243; top_padding=&#8221;3&#8243; bottom_padding=&#8221;2&#8243; overlay_alpha=&#8221;50&#8243; gutter_size=&#8221;3&#8243; column_width_percent=&#8221;100&#8243; shift_y=&#8221;0&#8243; z_index=&#8221;0&#8243;][vc_column width=&#8221;1\/4&#8243;][vc_single_image media=&#8221;834&#8243; media_width_percent=&#8221;80&#8243; shape=&#8221;img-circle&#8221; el_id=&#8221;avtorica_head&#8221;][\/vc_column][vc_column column_width_percent=&#8221;100&#8243; gutter_size=&#8221;2&#8243; override_padding=&#8221;yes&#8221; column_padding=&#8221;0&#8243; [&hellip;]<\/p>\n","protected":false},"author":1,"featured_media":0,"parent":0,"menu_order":0,"comment_status":"closed","ping_status":"closed","template":"","meta":{"_monsterinsights_skip_tracking":false,"_monsterinsights_sitenote_active":false,"_monsterinsights_sitenote_note":"","_monsterinsights_sitenote_category":0},"yoast_head":"<!-- This site is optimized with the Yoast SEO plugin v17.2.1 - https:\/\/yoast.com\/wordpress\/plugins\/seo\/ -->\n<title>Dr. Lucija \u010cevnik - Punca.si<\/title>\n<meta name=\"robots\" content=\"index, follow, max-snippet:-1, max-image-preview:large, max-video-preview:-1\" \/>\n<link rel=\"canonical\" href=\"http:\/\/www.punca.si\/?page_id=983\" \/>\n<meta property=\"og:locale\" content=\"sl_SI\" \/>\n<meta property=\"og:type\" content=\"article\" \/>\n<meta property=\"og:title\" content=\"Dr. Lucija \u010cevnik - Punca.si\" \/>\n<meta property=\"og:description\" content=\"[vc_row row_height_percent=&#8221;0&#8243; override_padding=&#8221;yes&#8221; h_padding=&#8221;5&#8243; top_padding=&#8221;3&#8243; bottom_padding=&#8221;2&#8243; overlay_alpha=&#8221;50&#8243; gutter_size=&#8221;3&#8243; column_width_percent=&#8221;100&#8243; shift_y=&#8221;0&#8243; z_index=&#8221;0&#8243;][vc_column width=&#8221;1\/4&#8243;][vc_single_image media=&#8221;834&#8243; media_width_percent=&#8221;80&#8243; shape=&#8221;img-circle&#8221; el_id=&#8221;avtorica_head&#8221;][\/vc_column][vc_column column_width_percent=&#8221;100&#8243; gutter_size=&#8221;2&#8243; override_padding=&#8221;yes&#8221; column_padding=&#8221;0&#8243; [&hellip;]\" \/>\n<meta property=\"og:url\" content=\"http:\/\/www.punca.si\/?page_id=983\" \/>\n<meta property=\"og:site_name\" content=\"Punca.si\" \/>\n<meta property=\"article:modified_time\" content=\"2021-04-21T12:06:51+00:00\" \/>\n<meta name=\"twitter:card\" content=\"summary_large_image\" \/>\n<meta name=\"twitter:label1\" content=\"Est. reading time\" \/>\n\t<meta name=\"twitter:data1\" content=\"5 minut\" \/>\n<script type=\"application\/ld+json\" class=\"yoast-schema-graph\">{\"@context\":\"https:\/\/schema.org\",\"@graph\":[{\"@type\":\"WebSite\",\"@id\":\"http:\/\/www.punca.si\/#website\",\"url\":\"http:\/\/www.punca.si\/\",\"name\":\"Punca.si\",\"description\":\"Samo zate!\",\"potentialAction\":[{\"@type\":\"SearchAction\",\"target\":{\"@type\":\"EntryPoint\",\"urlTemplate\":\"http:\/\/www.punca.si\/?s={search_term_string}\"},\"query-input\":\"required name=search_term_string\"}],\"inLanguage\":\"sl-SI\"},{\"@type\":\"WebPage\",\"@id\":\"http:\/\/www.punca.si\/?page_id=983#webpage\",\"url\":\"http:\/\/www.punca.si\/?page_id=983\",\"name\":\"Dr. Lucija \\u010cevnik - Punca.si\",\"isPartOf\":{\"@id\":\"http:\/\/www.punca.si\/#website\"},\"datePublished\":\"2021-02-25T13:46:15+00:00\",\"dateModified\":\"2021-04-21T12:06:51+00:00\",\"breadcrumb\":{\"@id\":\"http:\/\/www.punca.si\/?page_id=983#breadcrumb\"},\"inLanguage\":\"sl-SI\",\"potentialAction\":[{\"@type\":\"ReadAction\",\"target\":[\"http:\/\/www.punca.si\/?page_id=983\"]}]},{\"@type\":\"BreadcrumbList\",\"@id\":\"http:\/\/www.punca.si\/?page_id=983#breadcrumb\",\"itemListElement\":[{\"@type\":\"ListItem\",\"position\":1,\"name\":\"Home\",\"item\":\"http:\/\/www.punca.si\/\"},{\"@type\":\"ListItem\",\"position\":2,\"name\":\"Dr. Lucija \\u010cevnik\"}]}]}<\/script>\n<!-- \/ Yoast SEO plugin. -->","yoast_head_json":{"title":"Dr. Lucija \u010cevnik - Punca.si","robots":{"index":"index","follow":"follow","max-snippet":"max-snippet:-1","max-image-preview":"max-image-preview:large","max-video-preview":"max-video-preview:-1"},"canonical":"http:\/\/www.punca.si\/?page_id=983","og_locale":"sl_SI","og_type":"article","og_title":"Dr. Lucija \u010cevnik - Punca.si","og_description":"[vc_row row_height_percent=&#8221;0&#8243; override_padding=&#8221;yes&#8221; h_padding=&#8221;5&#8243; top_padding=&#8221;3&#8243; bottom_padding=&#8221;2&#8243; overlay_alpha=&#8221;50&#8243; gutter_size=&#8221;3&#8243; column_width_percent=&#8221;100&#8243; shift_y=&#8221;0&#8243; z_index=&#8221;0&#8243;][vc_column width=&#8221;1\/4&#8243;][vc_single_image media=&#8221;834&#8243; media_width_percent=&#8221;80&#8243; shape=&#8221;img-circle&#8221; el_id=&#8221;avtorica_head&#8221;][\/vc_column][vc_column column_width_percent=&#8221;100&#8243; gutter_size=&#8221;2&#8243; override_padding=&#8221;yes&#8221; column_padding=&#8221;0&#8243; [&hellip;]","og_url":"http:\/\/www.punca.si\/?page_id=983","og_site_name":"Punca.si","article_modified_time":"2021-04-21T12:06:51+00:00","twitter_card":"summary_large_image","twitter_misc":{"Est. reading time":"5 minut"},"schema":{"@context":"https:\/\/schema.org","@graph":[{"@type":"WebSite","@id":"http:\/\/www.punca.si\/#website","url":"http:\/\/www.punca.si\/","name":"Punca.si","description":"Samo zate!","potentialAction":[{"@type":"SearchAction","target":{"@type":"EntryPoint","urlTemplate":"http:\/\/www.punca.si\/?s={search_term_string}"},"query-input":"required name=search_term_string"}],"inLanguage":"sl-SI"},{"@type":"WebPage","@id":"http:\/\/www.punca.si\/?page_id=983#webpage","url":"http:\/\/www.punca.si\/?page_id=983","name":"Dr. Lucija \u010cevnik - Punca.si","isPartOf":{"@id":"http:\/\/www.punca.si\/#website"},"datePublished":"2021-02-25T13:46:15+00:00","dateModified":"2021-04-21T12:06:51+00:00","breadcrumb":{"@id":"http:\/\/www.punca.si\/?page_id=983#breadcrumb"},"inLanguage":"sl-SI","potentialAction":[{"@type":"ReadAction","target":["http:\/\/www.punca.si\/?page_id=983"]}]},{"@type":"BreadcrumbList","@id":"http:\/\/www.punca.si\/?page_id=983#breadcrumb","itemListElement":[{"@type":"ListItem","position":1,"name":"Home","item":"http:\/\/www.punca.si\/"},{"@type":"ListItem","position":2,"name":"Dr. Lucija \u010cevnik"}]}]}},"_links":{"self":[{"href":"http:\/\/www.punca.si\/index.php?rest_route=\/wp\/v2\/pages\/983"}],"collection":[{"href":"http:\/\/www.punca.si\/index.php?rest_route=\/wp\/v2\/pages"}],"about":[{"href":"http:\/\/www.punca.si\/index.php?rest_route=\/wp\/v2\/types\/page"}],"author":[{"embeddable":true,"href":"http:\/\/www.punca.si\/index.php?rest_route=\/wp\/v2\/users\/1"}],"replies":[{"embeddable":true,"href":"http:\/\/www.punca.si\/index.php?rest_route=%2Fwp%2Fv2%2Fcomments&post=983"}],"version-history":[{"count":10,"href":"http:\/\/www.punca.si\/index.php?rest_route=\/wp\/v2\/pages\/983\/revisions"}],"predecessor-version":[{"id":1149,"href":"http:\/\/www.punca.si\/index.php?rest_route=\/wp\/v2\/pages\/983\/revisions\/1149"}],"wp:attachment":[{"href":"http:\/\/www.punca.si\/index.php?rest_route=%2Fwp%2Fv2%2Fmedia&parent=983"}],"curies":[{"name":"wp","href":"https:\/\/api.w.org\/{rel}","templated":true}]}}